{"id":115,"date":"2024-01-06T22:36:14","date_gmt":"2024-01-06T21:36:14","guid":{"rendered":"http:\/\/cabinet-laure.com\/?page_id=115"},"modified":"2024-09-01T00:31:50","modified_gmt":"2024-08-31T22:31:50","slug":"questions","status":"publish","type":"page","link":"https:\/\/cabinet-laure.com\/index.php\/questions\/","title":{"rendered":"Questions"},"content":{"rendered":"\n<p>Cette page est aliment\u00e9e des questions fr\u00e9quemment pos\u00e9es. Si vous en avez, n&rsquo;h\u00e9sitez pas \u00e0 me contacter au 06 38 17 44 31. <\/p>\n\n\n\n<p class=\"has-text-align-center\"><strong>QUESTIONS TECHNIQUES<\/strong><\/p>\n\n\n\n<p><strong>O\u00f9 se situe le Cabinet ?<\/strong> <br>Le Cabinet est au 8 Rue Belle Paule \u00e0 Toulouse, \u00e0 15 minutes de Balma et de Lab\u00e8ge.<\/p>\n\n\n\n<p><strong>Comment venir ?<\/strong><br>Vous pouvez venir en voiture et vous garez \u00e0 proximit\u00e9 gratuitement. La ligne L8 vous d\u00e9posera \u00e0 quelques centaines de m\u00e8tres du Cabinet Laure. <\/p>\n\n\n\n<p><strong>Comment payer ? <\/strong><br>Il est possible de r\u00e9gler en esp\u00e8ce, par ch\u00e8que et par CB. <\/p>\n\n\n\n<p><\/p>\n","protected":false},"excerpt":{"rendered":"<p>Cette page est aliment\u00e9e des questions fr\u00e9quemment pos\u00e9es. Si vous en avez, n&rsquo;h\u00e9sitez pas \u00e0 me contacter au 06 38 17 44 31. QUESTIONS TECHNIQUES O\u00f9 se situe le Cabinet &hellip; <\/p>\n","protected":false},"author":1,"featured_media":0,"parent":0,"menu_order":0,"comment_status":"closed","ping_status":"closed","template":"","meta":{"footnotes":""},"class_list":["post-115","page","type-page","status-publish","hentry"],"yoast_head":"<!-- This site is optimized with the Yoast SEO plugin v24.9 - https:\/\/yoast.com\/wordpress\/plugins\/seo\/ -->\n<title>Questions - Cabinet Laure<\/title>\n<meta name=\"robots\" content=\"index, follow, max-snippet:-1, max-image-preview:large, max-video-preview:-1\" \/>\n<link rel=\"canonical\" href=\"https:\/\/cabinet-laure.com\/index.php\/questions\/\" \/>\n<meta property=\"og:locale\" content=\"fr_FR\" \/>\n<meta property=\"og:type\" content=\"article\" \/>\n<meta property=\"og:title\" content=\"Questions - Cabinet Laure\" \/>\n<meta property=\"og:description\" content=\"Cette page est aliment\u00e9e des questions fr\u00e9quemment pos\u00e9es. Si vous en avez, n&rsquo;h\u00e9sitez pas \u00e0 me contacter au 06 38 17 44 31. QUESTIONS TECHNIQUES O\u00f9 se situe le Cabinet &hellip;\" \/>\n<meta property=\"og:url\" content=\"https:\/\/cabinet-laure.com\/index.php\/questions\/\" \/>\n<meta property=\"og:site_name\" content=\"Cabinet Laure\" \/>\n<meta property=\"article:modified_time\" content=\"2024-08-31T22:31:50+00:00\" \/>\n<meta name=\"twitter:card\" content=\"summary_large_image\" \/>\n<script type=\"application\/ld+json\" class=\"yoast-schema-graph\">{\"@context\":\"https:\/\/schema.org\",\"@graph\":[{\"@type\":\"WebPage\",\"@id\":\"https:\/\/cabinet-laure.com\/index.php\/questions\/\",\"url\":\"https:\/\/cabinet-laure.com\/index.php\/questions\/\",\"name\":\"Questions - Cabinet Laure\",\"isPartOf\":{\"@id\":\"https:\/\/cabinet-laure.com\/#website\"},\"datePublished\":\"2024-01-06T21:36:14+00:00\",\"dateModified\":\"2024-08-31T22:31:50+00:00\",\"breadcrumb\":{\"@id\":\"https:\/\/cabinet-laure.com\/index.php\/questions\/#breadcrumb\"},\"inLanguage\":\"fr-FR\",\"potentialAction\":[{\"@type\":\"ReadAction\",\"target\":[\"https:\/\/cabinet-laure.com\/index.php\/questions\/\"]}]},{\"@type\":\"BreadcrumbList\",\"@id\":\"https:\/\/cabinet-laure.com\/index.php\/questions\/#breadcrumb\",\"itemListElement\":[{\"@type\":\"ListItem\",\"position\":1,\"name\":\"Accueil\",\"item\":\"https:\/\/cabinet-laure.com\/\"},{\"@type\":\"ListItem\",\"position\":2,\"name\":\"Questions\"}]},{\"@type\":\"WebSite\",\"@id\":\"https:\/\/cabinet-laure.com\/#website\",\"url\":\"https:\/\/cabinet-laure.com\/\",\"name\":\"Cabinet Laure\",\"description\":\"8 Rue Belle Paule - 31500 Toulouse\",\"potentialAction\":[{\"@type\":\"SearchAction\",\"target\":{\"@type\":\"EntryPoint\",\"urlTemplate\":\"https:\/\/cabinet-laure.com\/?s={search_term_string}\"},\"query-input\":{\"@type\":\"PropertyValueSpecification\",\"valueRequired\":true,\"valueName\":\"search_term_string\"}}],\"inLanguage\":\"fr-FR\"}]}<\/script>\n<!-- \/ Yoast SEO plugin. -->","yoast_head_json":{"title":"Questions - Cabinet Laure","robots":{"index":"index","follow":"follow","max-snippet":"max-snippet:-1","max-image-preview":"max-image-preview:large","max-video-preview":"max-video-preview:-1"},"canonical":"https:\/\/cabinet-laure.com\/index.php\/questions\/","og_locale":"fr_FR","og_type":"article","og_title":"Questions - Cabinet Laure","og_description":"Cette page est aliment\u00e9e des questions fr\u00e9quemment pos\u00e9es. Si vous en avez, n&rsquo;h\u00e9sitez pas \u00e0 me contacter au 06 38 17 44 31. QUESTIONS TECHNIQUES O\u00f9 se situe le Cabinet &hellip;","og_url":"https:\/\/cabinet-laure.com\/index.php\/questions\/","og_site_name":"Cabinet Laure","article_modified_time":"2024-08-31T22:31:50+00:00","twitter_card":"summary_large_image","schema":{"@context":"https:\/\/schema.org","@graph":[{"@type":"WebPage","@id":"https:\/\/cabinet-laure.com\/index.php\/questions\/","url":"https:\/\/cabinet-laure.com\/index.php\/questions\/","name":"Questions - Cabinet Laure","isPartOf":{"@id":"https:\/\/cabinet-laure.com\/#website"},"datePublished":"2024-01-06T21:36:14+00:00","dateModified":"2024-08-31T22:31:50+00:00","breadcrumb":{"@id":"https:\/\/cabinet-laure.com\/index.php\/questions\/#breadcrumb"},"inLanguage":"fr-FR","potentialAction":[{"@type":"ReadAction","target":["https:\/\/cabinet-laure.com\/index.php\/questions\/"]}]},{"@type":"BreadcrumbList","@id":"https:\/\/cabinet-laure.com\/index.php\/questions\/#breadcrumb","itemListElement":[{"@type":"ListItem","position":1,"name":"Accueil","item":"https:\/\/cabinet-laure.com\/"},{"@type":"ListItem","position":2,"name":"Questions"}]},{"@type":"WebSite","@id":"https:\/\/cabinet-laure.com\/#website","url":"https:\/\/cabinet-laure.com\/","name":"Cabinet Laure","description":"8 Rue Belle Paule - 31500 Toulouse","potentialAction":[{"@type":"SearchAction","target":{"@type":"EntryPoint","urlTemplate":"https:\/\/cabinet-laure.com\/?s={search_term_string}"},"query-input":{"@type":"PropertyValueSpecification","valueRequired":true,"valueName":"search_term_string"}}],"inLanguage":"fr-FR"}]}},"_links":{"self":[{"href":"https:\/\/cabinet-laure.com\/index.php\/wp-json\/wp\/v2\/pages\/115","targetHints":{"allow":["GET"]}}],"collection":[{"href":"https:\/\/cabinet-laure.com\/index.php\/wp-json\/wp\/v2\/pages"}],"about":[{"href":"https:\/\/cabinet-laure.com\/index.php\/wp-json\/wp\/v2\/types\/page"}],"author":[{"embeddable":true,"href":"https:\/\/cabinet-laure.com\/index.php\/wp-json\/wp\/v2\/users\/1"}],"replies":[{"embeddable":true,"href":"https:\/\/cabinet-laure.com\/index.php\/wp-json\/wp\/v2\/comments?post=115"}],"version-history":[{"count":4,"href":"https:\/\/cabinet-laure.com\/index.php\/wp-json\/wp\/v2\/pages\/115\/revisions"}],"predecessor-version":[{"id":297,"href":"https:\/\/cabinet-laure.com\/index.php\/wp-json\/wp\/v2\/pages\/115\/revisions\/297"}],"wp:attachment":[{"href":"https:\/\/cabinet-laure.com\/index.php\/wp-json\/wp\/v2\/media?parent=115"}],"curies":[{"name":"wp","href":"https:\/\/api.w.org\/{rel}","templated":true}]}}