{"id":74,"date":"2023-12-01T18:59:36","date_gmt":"2023-12-01T17:59:36","guid":{"rendered":"http:\/\/cabinet-laure.com\/?page_id=74"},"modified":"2025-04-21T20:19:46","modified_gmt":"2025-04-21T18:19:46","slug":"accueil","status":"publish","type":"page","link":"https:\/\/cabinet-laure.com\/","title":{"rendered":"Accueil"},"content":{"rendered":"\n<p>Bienvenue sur votre site\u00a0! C\u2019est votre page d\u2019accueil que vos visiteurs verront lorsqu\u2019ils arriveront sur votre site la premi\u00e8re fois.<\/p>\n","protected":false},"excerpt":{"rendered":"<p>Bienvenue sur votre site\u00a0! C\u2019est votre page d\u2019accueil que vos visiteurs verront lorsqu\u2019ils arriveront sur votre site la premi\u00e8re fois.<\/p>\n","protected":false},"author":1,"featured_media":0,"parent":0,"menu_order":0,"comment_status":"closed","ping_status":"closed","template":"","meta":{"footnotes":""},"class_list":["post-74","page","type-page","status-publish","hentry"],"yoast_head":"<!-- This site is optimized with the Yoast SEO plugin v24.9 - https:\/\/yoast.com\/wordpress\/plugins\/seo\/ -->\n<title>Mad\u00e9roth\u00e9rapie \u00e0 Toulouse | Cabinet Laure<\/title>\n<meta name=\"description\" content=\"D\u00e9couvrez les bienfaits du drainage lymphatique et de la mad\u00e9roth\u00e9rapie au Cabinet Laure \u00e0 Toulouse. Prenez rendez-vous d\u00e8s maintenant !\" \/>\n<meta name=\"robots\" content=\"index, follow, max-snippet:-1, max-image-preview:large, max-video-preview:-1\" \/>\n<link rel=\"canonical\" href=\"https:\/\/cabinet-laure.com\/\" \/>\n<meta property=\"og:locale\" content=\"fr_FR\" \/>\n<meta property=\"og:type\" content=\"article\" \/>\n<meta property=\"og:title\" content=\"Mad\u00e9roth\u00e9rapie \u00e0 Toulouse | Cabinet Laure\" \/>\n<meta property=\"og:description\" content=\"D\u00e9couvrez les bienfaits du drainage lymphatique et de la mad\u00e9roth\u00e9rapie au Cabinet Laure \u00e0 Toulouse. Prenez rendez-vous d\u00e8s maintenant !\" \/>\n<meta property=\"og:url\" content=\"https:\/\/cabinet-laure.com\/\" \/>\n<meta property=\"og:site_name\" content=\"Cabinet Laure\" \/>\n<meta property=\"article:modified_time\" content=\"2025-04-21T18:19:46+00:00\" \/>\n<meta name=\"twitter:card\" content=\"summary_large_image\" \/>\n<meta name=\"twitter:label1\" content=\"Dur\u00e9e de lecture estim\u00e9e\" \/>\n\t<meta name=\"twitter:data1\" content=\"1 minute\" \/>\n<script type=\"application\/ld+json\" class=\"yoast-schema-graph\">{\"@context\":\"https:\/\/schema.org\",\"@graph\":[{\"@type\":\"WebPage\",\"@id\":\"https:\/\/cabinet-laure.com\/\",\"url\":\"https:\/\/cabinet-laure.com\/\",\"name\":\"Mad\u00e9roth\u00e9rapie \u00e0 Toulouse | Cabinet Laure\",\"isPartOf\":{\"@id\":\"https:\/\/cabinet-laure.com\/#website\"},\"datePublished\":\"2023-12-01T17:59:36+00:00\",\"dateModified\":\"2025-04-21T18:19:46+00:00\",\"description\":\"D\u00e9couvrez les bienfaits du drainage lymphatique et de la mad\u00e9roth\u00e9rapie au Cabinet Laure \u00e0 Toulouse. Prenez rendez-vous d\u00e8s maintenant !\",\"breadcrumb\":{\"@id\":\"https:\/\/cabinet-laure.com\/#breadcrumb\"},\"inLanguage\":\"fr-FR\",\"potentialAction\":[{\"@type\":\"ReadAction\",\"target\":[\"https:\/\/cabinet-laure.com\/\"]}]},{\"@type\":\"BreadcrumbList\",\"@id\":\"https:\/\/cabinet-laure.com\/#breadcrumb\",\"itemListElement\":[{\"@type\":\"ListItem\",\"position\":1,\"name\":\"Accueil\",\"item\":\"https:\/\/cabinet-laure.com\/\"},{\"@type\":\"ListItem\",\"position\":2,\"name\":\"Accueil\"}]},{\"@type\":\"WebSite\",\"@id\":\"https:\/\/cabinet-laure.com\/#website\",\"url\":\"https:\/\/cabinet-laure.com\/\",\"name\":\"Cabinet Laure\",\"description\":\"8 Rue Belle Paule - 31500 Toulouse\",\"potentialAction\":[{\"@type\":\"SearchAction\",\"target\":{\"@type\":\"EntryPoint\",\"urlTemplate\":\"https:\/\/cabinet-laure.com\/?s={search_term_string}\"},\"query-input\":{\"@type\":\"PropertyValueSpecification\",\"valueRequired\":true,\"valueName\":\"search_term_string\"}}],\"inLanguage\":\"fr-FR\"}]}<\/script>\n<!-- \/ Yoast SEO plugin. -->","yoast_head_json":{"title":"Mad\u00e9roth\u00e9rapie \u00e0 Toulouse | Cabinet Laure","description":"D\u00e9couvrez les bienfaits du drainage lymphatique et de la mad\u00e9roth\u00e9rapie au Cabinet Laure \u00e0 Toulouse. Prenez rendez-vous d\u00e8s maintenant !","robots":{"index":"index","follow":"follow","max-snippet":"max-snippet:-1","max-image-preview":"max-image-preview:large","max-video-preview":"max-video-preview:-1"},"canonical":"https:\/\/cabinet-laure.com\/","og_locale":"fr_FR","og_type":"article","og_title":"Mad\u00e9roth\u00e9rapie \u00e0 Toulouse | Cabinet Laure","og_description":"D\u00e9couvrez les bienfaits du drainage lymphatique et de la mad\u00e9roth\u00e9rapie au Cabinet Laure \u00e0 Toulouse. Prenez rendez-vous d\u00e8s maintenant !","og_url":"https:\/\/cabinet-laure.com\/","og_site_name":"Cabinet Laure","article_modified_time":"2025-04-21T18:19:46+00:00","twitter_card":"summary_large_image","twitter_misc":{"Dur\u00e9e de lecture estim\u00e9e":"1 minute"},"schema":{"@context":"https:\/\/schema.org","@graph":[{"@type":"WebPage","@id":"https:\/\/cabinet-laure.com\/","url":"https:\/\/cabinet-laure.com\/","name":"Mad\u00e9roth\u00e9rapie \u00e0 Toulouse | Cabinet Laure","isPartOf":{"@id":"https:\/\/cabinet-laure.com\/#website"},"datePublished":"2023-12-01T17:59:36+00:00","dateModified":"2025-04-21T18:19:46+00:00","description":"D\u00e9couvrez les bienfaits du drainage lymphatique et de la mad\u00e9roth\u00e9rapie au Cabinet Laure \u00e0 Toulouse. Prenez rendez-vous d\u00e8s maintenant !","breadcrumb":{"@id":"https:\/\/cabinet-laure.com\/#breadcrumb"},"inLanguage":"fr-FR","potentialAction":[{"@type":"ReadAction","target":["https:\/\/cabinet-laure.com\/"]}]},{"@type":"BreadcrumbList","@id":"https:\/\/cabinet-laure.com\/#breadcrumb","itemListElement":[{"@type":"ListItem","position":1,"name":"Accueil","item":"https:\/\/cabinet-laure.com\/"},{"@type":"ListItem","position":2,"name":"Accueil"}]},{"@type":"WebSite","@id":"https:\/\/cabinet-laure.com\/#website","url":"https:\/\/cabinet-laure.com\/","name":"Cabinet Laure","description":"8 Rue Belle Paule - 31500 Toulouse","potentialAction":[{"@type":"SearchAction","target":{"@type":"EntryPoint","urlTemplate":"https:\/\/cabinet-laure.com\/?s={search_term_string}"},"query-input":{"@type":"PropertyValueSpecification","valueRequired":true,"valueName":"search_term_string"}}],"inLanguage":"fr-FR"}]}},"_links":{"self":[{"href":"https:\/\/cabinet-laure.com\/index.php\/wp-json\/wp\/v2\/pages\/74","targetHints":{"allow":["GET"]}}],"collection":[{"href":"https:\/\/cabinet-laure.com\/index.php\/wp-json\/wp\/v2\/pages"}],"about":[{"href":"https:\/\/cabinet-laure.com\/index.php\/wp-json\/wp\/v2\/types\/page"}],"author":[{"embeddable":true,"href":"https:\/\/cabinet-laure.com\/index.php\/wp-json\/wp\/v2\/users\/1"}],"replies":[{"embeddable":true,"href":"https:\/\/cabinet-laure.com\/index.php\/wp-json\/wp\/v2\/comments?post=74"}],"version-history":[{"count":1,"href":"https:\/\/cabinet-laure.com\/index.php\/wp-json\/wp\/v2\/pages\/74\/revisions"}],"predecessor-version":[{"id":77,"href":"https:\/\/cabinet-laure.com\/index.php\/wp-json\/wp\/v2\/pages\/74\/revisions\/77"}],"wp:attachment":[{"href":"https:\/\/cabinet-laure.com\/index.php\/wp-json\/wp\/v2\/media?parent=74"}],"curies":[{"name":"wp","href":"https:\/\/api.w.org\/{rel}","templated":true}]}}