{"id":82,"date":"2023-12-03T11:11:06","date_gmt":"2023-12-03T10:11:06","guid":{"rendered":"http:\/\/cabinet-laure.com\/?page_id=82"},"modified":"2024-02-16T18:18:38","modified_gmt":"2024-02-16T17:18:38","slug":"etiopathie","status":"publish","type":"page","link":"https:\/\/cabinet-laure.com\/index.php\/etiopathie\/","title":{"rendered":"Th\u00e9rapie Manuelle"},"content":{"rendered":"\n<h4 class=\"wp-block-heading has-text-align-center\">La Th\u00e9rapie Manuelle, Retrouver l&rsquo;\u00c9quilibre Naturel de Votre Corps<\/h4>\n\n\n\n<p>L&rsquo;\u00c9tiopathie est une th\u00e9rapie manuelle et naturelle qui se concentre sur la recherche et le traitement des causes profondes des troubles physiques. <\/p>\n\n\n\n<p>En tant que th\u00e9rapeute manuelle, je me consacre \u00e0 d\u00e9celer et traiter ses causes plut\u00f4t que de simplement att\u00e9nuer les sympt\u00f4mes. <br>Gr\u00e2ce \u00e0 des techniques manuelles sp\u00e9cifiques, je m&rsquo;efforce de r\u00e9tablir l&rsquo;\u00e9quilibre naturel de votre corps.<\/p>\n\n\n\n<p>Je consid\u00e8re votre corps dans sa totalit\u00e9, comme syst\u00e8me compos\u00e9 de diff\u00e9rents sous-syst\u00e8mes en relation. Je m&rsquo;engage \u00e0 comprendre les m\u00e9canismes sous-jacents des maux pour les traiter \u00e0 la source.<\/p>\n\n\n\n<div class=\"wp-block-columns is-layout-flex wp-container-core-columns-is-layout-9d6595d7 wp-block-columns-is-layout-flex\">\n<div class=\"wp-block-column is-layout-flow wp-block-column-is-layout-flow\">\n<ul class=\"wp-block-list\">\n<li>Troubles d&rsquo;origine vert\u00e9brale : douleurs, n\u00e9vralgie, torticolis, sciatalgies&#8230;<\/li>\n\n\n\n<li>Troubles de l&rsquo;appareil locomoteur : douleurs articulaires, entorses, tendinites, \u00e9pines calcan\u00e9ennes&#8230;<\/li>\n\n\n\n<li>Troubles de la grossesse : naus\u00e9es, vomissements, lombosciatiques&#8230; et pr\u00e9paration \u00e0 l&rsquo;accouchement.<\/li>\n\n\n\n<li>Troubles gyn\u00e9cologiques : normalisation du cycle, r\u00e8gles douloureuses, infertilit\u00e9, troubles de la m\u00e9nopause&#8230;<\/li>\n<\/ul>\n<\/div>\n\n\n\n<div class=\"wp-block-column is-layout-flow wp-block-column-is-layout-flow\">\n<ul class=\"wp-block-list\">\n<li>Troubles digestifs : ballonnements, reflux, constipation, diarrh\u00e9es, h\u00e9morro\u00efdes&#8230;<\/li>\n\n\n\n<li>Troubles urinaires : cystites, troubles de la prostate, incontinence urinaire&#8230;<\/li>\n\n\n\n<li>Troubles respiratoires : trach\u00e9ites, bronchites&#8230;<\/li>\n\n\n\n<li>Troubles ORL : sinusites, rhinites, otites s\u00e9reuses&#8230; <\/li>\n\n\n\n<li>Troubles circulatoires : palpitations, oppressions thoraciques, jambes lourdes&#8230;<\/li>\n\n\n\n<li>Troubles g\u00e9n\u00e9raux : c\u00e9phal\u00e9e, migraines, insomnies, anxi\u00e9t\u00e9&#8230;<\/li>\n<\/ul>\n<\/div>\n<\/div>\n\n\n\n<p>Chez moi, la Th\u00e9rapie Manuelle n&rsquo;est pas simplement une technique, c&rsquo;est une invitation \u00e0 prendre soin de vous d&rsquo;une mani\u00e8re qui vous est propre.<\/p>\n\n\n\n<div style=\"height:50px\" aria-hidden=\"true\" class=\"wp-block-spacer\"><\/div>\n\n\n\n<div class=\"wp-block-group\"><div class=\"wp-block-group__inner-container is-layout-constrained wp-block-group-is-layout-constrained\">\n<div class=\"wp-block-group\"><div class=\"wp-block-group__inner-container is-layout-constrained wp-block-group-is-layout-constrained\">\n<div class=\"wp-block-group\"><div class=\"wp-block-group__inner-container is-layout-constrained wp-block-group-is-layout-constrained\">\n<div class=\"wp-block-group\"><div class=\"wp-block-group__inner-container is-layout-constrained wp-block-group-is-layout-constrained\">\n<p>Je vous attends avec plaisir au Cabinet Laure, prenez soin de vous.<\/p>\n<\/div><\/div>\n<\/div><\/div>\n<\/div><\/div>\n\n\n\n<div style=\"height:50px\" aria-hidden=\"true\" class=\"wp-block-spacer\"><\/div>\n\n\n\n<p class=\"has-text-align-center\"><strong>Laure Caumont<br>06.38.17.44.31<\/strong><\/p>\n\n\n\n<div style=\"height:50px\" aria-hidden=\"true\" class=\"wp-block-spacer\"><\/div>\n\n\n\n<div class=\"wp-block-group\"><div class=\"wp-block-group__inner-container is-layout-constrained wp-block-group-is-layout-constrained\">\n<div class=\"wp-block-columns is-layout-flex wp-container-core-columns-is-layout-9d6595d7 wp-block-columns-is-layout-flex\">\n<div class=\"wp-block-column is-layout-flow wp-block-column-is-layout-flow\" style=\"flex-basis:66.66%\">\n<iframe src=\"https:\/\/www.google.com\/maps\/embed?pb=!1m18!1m12!1m3!1d2889.517760315517!2d1.464356599999996!3d43.595760099999985!2m3!1f0!2f0!3f0!3m2!1i1024!2i768!4f13.1!3m3!1m2!1s0x12aebcf36c6e23ed%3A0xca17d3d323b315c7!2s8%20Rue%20Belle%20Paule%2C%2031500%20Toulouse!5e0!3m2!1sfr!2sfr!4v1704575943575!5m2!1sfr!2sfr\" width=\"600\" height=\"450\" style=\"border:0;\" allowfullscreen=\"\" loading=\"lazy\" referrerpolicy=\"no-referrer-when-downgrade\"><\/iframe>\n<\/div>\n\n\n\n<div class=\"wp-block-column is-vertically-aligned-center is-layout-flow wp-block-column-is-layout-flow\" style=\"flex-basis:33.33%\">\n<p class=\"has-text-align-center\">8 Rue Belle Paule, 31500 Toulouse<br>06.38.17.44.31<\/p>\n<\/div>\n<\/div>\n<\/div><\/div>\n<\/div><\/div>\n","protected":false},"excerpt":{"rendered":"<p>La Th\u00e9rapie Manuelle, Retrouver l&rsquo;\u00c9quilibre Naturel de Votre Corps L&rsquo;\u00c9tiopathie est une th\u00e9rapie manuelle et naturelle qui se concentre sur la recherche et le traitement des causes profondes des troubles &hellip; <\/p>\n","protected":false},"author":1,"featured_media":0,"parent":0,"menu_order":0,"comment_status":"closed","ping_status":"closed","template":"","meta":{"footnotes":""},"class_list":["post-82","page","type-page","status-publish","hentry"],"yoast_head":"<!-- This site is optimized with the Yoast SEO plugin v24.9 - https:\/\/yoast.com\/wordpress\/plugins\/seo\/ -->\n<title>Th\u00e9rapie Manuelle - Cabinet Laure<\/title>\n<meta name=\"robots\" content=\"index, follow, max-snippet:-1, max-image-preview:large, max-video-preview:-1\" \/>\n<link rel=\"canonical\" href=\"https:\/\/cabinet-laure.com\/index.php\/etiopathie\/\" \/>\n<meta property=\"og:locale\" content=\"fr_FR\" \/>\n<meta property=\"og:type\" content=\"article\" \/>\n<meta property=\"og:title\" content=\"Th\u00e9rapie Manuelle - Cabinet Laure\" \/>\n<meta property=\"og:description\" content=\"La Th\u00e9rapie Manuelle, Retrouver l&rsquo;\u00c9quilibre Naturel de Votre Corps L&rsquo;\u00c9tiopathie est une th\u00e9rapie manuelle et naturelle qui se concentre sur la recherche et le traitement des causes profondes des troubles &hellip;\" \/>\n<meta property=\"og:url\" content=\"https:\/\/cabinet-laure.com\/index.php\/etiopathie\/\" \/>\n<meta property=\"og:site_name\" content=\"Cabinet Laure\" \/>\n<meta property=\"article:modified_time\" content=\"2024-02-16T17:18:38+00:00\" \/>\n<meta name=\"twitter:card\" content=\"summary_large_image\" \/>\n<meta name=\"twitter:label1\" content=\"Dur\u00e9e de lecture estim\u00e9e\" \/>\n\t<meta name=\"twitter:data1\" content=\"1 minute\" \/>\n<script type=\"application\/ld+json\" class=\"yoast-schema-graph\">{\"@context\":\"https:\/\/schema.org\",\"@graph\":[{\"@type\":\"WebPage\",\"@id\":\"https:\/\/cabinet-laure.com\/index.php\/etiopathie\/\",\"url\":\"https:\/\/cabinet-laure.com\/index.php\/etiopathie\/\",\"name\":\"Th\u00e9rapie Manuelle - Cabinet Laure\",\"isPartOf\":{\"@id\":\"https:\/\/cabinet-laure.com\/#website\"},\"datePublished\":\"2023-12-03T10:11:06+00:00\",\"dateModified\":\"2024-02-16T17:18:38+00:00\",\"breadcrumb\":{\"@id\":\"https:\/\/cabinet-laure.com\/index.php\/etiopathie\/#breadcrumb\"},\"inLanguage\":\"fr-FR\",\"potentialAction\":[{\"@type\":\"ReadAction\",\"target\":[\"https:\/\/cabinet-laure.com\/index.php\/etiopathie\/\"]}]},{\"@type\":\"BreadcrumbList\",\"@id\":\"https:\/\/cabinet-laure.com\/index.php\/etiopathie\/#breadcrumb\",\"itemListElement\":[{\"@type\":\"ListItem\",\"position\":1,\"name\":\"Accueil\",\"item\":\"https:\/\/cabinet-laure.com\/\"},{\"@type\":\"ListItem\",\"position\":2,\"name\":\"Th\u00e9rapie Manuelle\"}]},{\"@type\":\"WebSite\",\"@id\":\"https:\/\/cabinet-laure.com\/#website\",\"url\":\"https:\/\/cabinet-laure.com\/\",\"name\":\"Cabinet Laure\",\"description\":\"8 Rue Belle Paule - 31500 Toulouse\",\"potentialAction\":[{\"@type\":\"SearchAction\",\"target\":{\"@type\":\"EntryPoint\",\"urlTemplate\":\"https:\/\/cabinet-laure.com\/?s={search_term_string}\"},\"query-input\":{\"@type\":\"PropertyValueSpecification\",\"valueRequired\":true,\"valueName\":\"search_term_string\"}}],\"inLanguage\":\"fr-FR\"}]}<\/script>\n<!-- \/ Yoast SEO plugin. -->","yoast_head_json":{"title":"Th\u00e9rapie Manuelle - Cabinet Laure","robots":{"index":"index","follow":"follow","max-snippet":"max-snippet:-1","max-image-preview":"max-image-preview:large","max-video-preview":"max-video-preview:-1"},"canonical":"https:\/\/cabinet-laure.com\/index.php\/etiopathie\/","og_locale":"fr_FR","og_type":"article","og_title":"Th\u00e9rapie Manuelle - Cabinet Laure","og_description":"La Th\u00e9rapie Manuelle, Retrouver l&rsquo;\u00c9quilibre Naturel de Votre Corps L&rsquo;\u00c9tiopathie est une th\u00e9rapie manuelle et naturelle qui se concentre sur la recherche et le traitement des causes profondes des troubles &hellip;","og_url":"https:\/\/cabinet-laure.com\/index.php\/etiopathie\/","og_site_name":"Cabinet Laure","article_modified_time":"2024-02-16T17:18:38+00:00","twitter_card":"summary_large_image","twitter_misc":{"Dur\u00e9e de lecture estim\u00e9e":"1 minute"},"schema":{"@context":"https:\/\/schema.org","@graph":[{"@type":"WebPage","@id":"https:\/\/cabinet-laure.com\/index.php\/etiopathie\/","url":"https:\/\/cabinet-laure.com\/index.php\/etiopathie\/","name":"Th\u00e9rapie Manuelle - Cabinet Laure","isPartOf":{"@id":"https:\/\/cabinet-laure.com\/#website"},"datePublished":"2023-12-03T10:11:06+00:00","dateModified":"2024-02-16T17:18:38+00:00","breadcrumb":{"@id":"https:\/\/cabinet-laure.com\/index.php\/etiopathie\/#breadcrumb"},"inLanguage":"fr-FR","potentialAction":[{"@type":"ReadAction","target":["https:\/\/cabinet-laure.com\/index.php\/etiopathie\/"]}]},{"@type":"BreadcrumbList","@id":"https:\/\/cabinet-laure.com\/index.php\/etiopathie\/#breadcrumb","itemListElement":[{"@type":"ListItem","position":1,"name":"Accueil","item":"https:\/\/cabinet-laure.com\/"},{"@type":"ListItem","position":2,"name":"Th\u00e9rapie Manuelle"}]},{"@type":"WebSite","@id":"https:\/\/cabinet-laure.com\/#website","url":"https:\/\/cabinet-laure.com\/","name":"Cabinet Laure","description":"8 Rue Belle Paule - 31500 Toulouse","potentialAction":[{"@type":"SearchAction","target":{"@type":"EntryPoint","urlTemplate":"https:\/\/cabinet-laure.com\/?s={search_term_string}"},"query-input":{"@type":"PropertyValueSpecification","valueRequired":true,"valueName":"search_term_string"}}],"inLanguage":"fr-FR"}]}},"_links":{"self":[{"href":"https:\/\/cabinet-laure.com\/index.php\/wp-json\/wp\/v2\/pages\/82","targetHints":{"allow":["GET"]}}],"collection":[{"href":"https:\/\/cabinet-laure.com\/index.php\/wp-json\/wp\/v2\/pages"}],"about":[{"href":"https:\/\/cabinet-laure.com\/index.php\/wp-json\/wp\/v2\/types\/page"}],"author":[{"embeddable":true,"href":"https:\/\/cabinet-laure.com\/index.php\/wp-json\/wp\/v2\/users\/1"}],"replies":[{"embeddable":true,"href":"https:\/\/cabinet-laure.com\/index.php\/wp-json\/wp\/v2\/comments?post=82"}],"version-history":[{"count":11,"href":"https:\/\/cabinet-laure.com\/index.php\/wp-json\/wp\/v2\/pages\/82\/revisions"}],"predecessor-version":[{"id":212,"href":"https:\/\/cabinet-laure.com\/index.php\/wp-json\/wp\/v2\/pages\/82\/revisions\/212"}],"wp:attachment":[{"href":"https:\/\/cabinet-laure.com\/index.php\/wp-json\/wp\/v2\/media?parent=82"}],"curies":[{"name":"wp","href":"https:\/\/api.w.org\/{rel}","templated":true}]}}