{"id":83,"date":"2023-12-03T11:11:07","date_gmt":"2023-12-03T10:11:07","guid":{"rendered":"http:\/\/cabinet-laure.com\/?page_id=83"},"modified":"2025-04-26T19:03:22","modified_gmt":"2025-04-26T17:03:22","slug":"drainage-lymphatique","status":"publish","type":"page","link":"https:\/\/cabinet-laure.com\/index.php\/drainage-lymphatique\/","title":{"rendered":"Drainage Lymphatique"},"content":{"rendered":"\n<h4 class=\"wp-block-heading has-text-align-center\">Le Drainage Lymphatique, inspir\u00e9 Vodder<\/h4>\n\n\n\n<p>Le drainage lymphatique inspir\u00e9 de la m\u00e9thode Vodder est une technique sp\u00e9cifique de massage qui vise \u00e0 stimuler la circulation de la lymphe, contribuant ainsi \u00e0 l&rsquo;\u00e9limination des toxines et \u00e0 la r\u00e9duction des \u0153d\u00e8mes. Cette pratique vise \u00e9galement \u00e0 stimuler le syst\u00e8me immunitaire. <\/p>\n\n\n\n<p>Au c\u0153ur de cette approche, j&rsquo;utilise des mouvements circulaires, doux et rythm\u00e9s, appliqu\u00e9s avec une pression l\u00e9g\u00e8re et constante. Ces gestes pr\u00e9cis suivent le r\u00e9seau des vaisseaux lymphatiques encourageant la lymphe \u00e0 circuler vers les ganglions lymphatiques o\u00f9 elle peut \u00eatre filtr\u00e9e et lib\u00e9r\u00e9e des impuret\u00e9s.<\/p>\n\n\n\n<p>Le drainage lymphatique Vodder est une option apaisante, id\u00e9ale pour traiter la r\u00e9tention d&rsquo;eau, les \u0153d\u00e8mes, et peut \u00eatre particuli\u00e8rement b\u00e9n\u00e9fique apr\u00e8s des interventions chirurgicales. <\/p>\n\n\n\n<p>Cette m\u00e9thode est aussi une aide esth\u00e9tique pour diminuer la cellulite, l&rsquo;acn\u00e9, les cicatrices&#8230;<\/p>\n\n\n\n<p>Dans mon cabinet, je m&rsquo;efforce de cr\u00e9er un espace o\u00f9 vous pouvez vous d\u00e9tendre profond\u00e9ment et exp\u00e9rimenter les bienfaits de ce soin d\u00e9toxifiant. Nous r\u00e9alisons ensemble un bilan en d\u00e9but de s\u00e9ances pour comprendre vos envies et vos besoins. Cette \u00e9tape permet de vous proposer les soins adapt\u00e9s et de compl\u00e9ter si besoin avec la <a href=\"https:\/\/cabinet-laure.com\/index.php\/etiopathie\/\">Th\u00e9rapie Manuelle<\/a> et\/ou la <a href=\"https:\/\/cabinet-laure.com\/index.php\/maderotherapie\/\">Mad\u00e9roth\u00e9rapie<\/a>.<\/p>\n\n\n\n<div style=\"height:60px\" aria-hidden=\"true\" class=\"wp-block-spacer\"><\/div>\n\n\n\n<div class=\"wp-block-group\"><div class=\"wp-block-group__inner-container is-layout-constrained wp-block-group-is-layout-constrained\">\n<div class=\"wp-block-group\"><div class=\"wp-block-group__inner-container is-layout-constrained wp-block-group-is-layout-constrained\">\n<div class=\"wp-block-group\"><div class=\"wp-block-group__inner-container is-layout-constrained wp-block-group-is-layout-constrained\">\n<div class=\"wp-block-group\"><div class=\"wp-block-group__inner-container is-layout-constrained wp-block-group-is-layout-constrained\">\n<p>Je vous attends avec plaisir au Cabinet Laure, prenez soin de vous.<\/p>\n<\/div><\/div>\n<\/div><\/div>\n<\/div><\/div>\n\n\n\n<div style=\"height:50px\" aria-hidden=\"true\" class=\"wp-block-spacer\"><\/div>\n\n\n\n<p class=\"has-text-align-center\"><strong>Laure Caumont<br>06.38.17.44.31<\/strong><\/p>\n\n\n\n<div style=\"height:50px\" aria-hidden=\"true\" class=\"wp-block-spacer\"><\/div>\n\n\n\n<div class=\"wp-block-group\"><div class=\"wp-block-group__inner-container is-layout-constrained wp-block-group-is-layout-constrained\">\n<div class=\"wp-block-columns is-layout-flex wp-container-core-columns-is-layout-9d6595d7 wp-block-columns-is-layout-flex\">\n<div class=\"wp-block-column is-layout-flow wp-block-column-is-layout-flow\" style=\"flex-basis:66.66%\">\n<iframe src=\"https:\/\/www.google.com\/maps\/embed?pb=!1m18!1m12!1m3!1d2889.517760315517!2d1.464356599999996!3d43.595760099999985!2m3!1f0!2f0!3f0!3m2!1i1024!2i768!4f13.1!3m3!1m2!1s0x12aebcf36c6e23ed%3A0xca17d3d323b315c7!2s8%20Rue%20Belle%20Paule%2C%2031500%20Toulouse!5e0!3m2!1sfr!2sfr!4v1704575943575!5m2!1sfr!2sfr\" width=\"600\" height=\"450\" style=\"border:0;\" allowfullscreen=\"\" loading=\"lazy\" referrerpolicy=\"no-referrer-when-downgrade\"><\/iframe>\n<\/div>\n\n\n\n<div class=\"wp-block-column is-vertically-aligned-center is-layout-flow wp-block-column-is-layout-flow\" style=\"flex-basis:33.33%\">\n<p class=\"has-text-align-center\">8 Rue Belle Paule, 31500 Toulouse<br>06.38.17.44.31<\/p>\n<\/div>\n<\/div>\n<\/div><\/div>\n<\/div><\/div>\n","protected":false},"excerpt":{"rendered":"<p>Le Drainage Lymphatique, inspir\u00e9 Vodder Le drainage lymphatique inspir\u00e9 de la m\u00e9thode Vodder est une technique sp\u00e9cifique de massage qui vise \u00e0 stimuler la circulation de la lymphe, contribuant ainsi &hellip; <\/p>\n","protected":false},"author":1,"featured_media":0,"parent":0,"menu_order":0,"comment_status":"closed","ping_status":"closed","template":"","meta":{"footnotes":""},"class_list":["post-83","page","type-page","status-publish","hentry"],"yoast_head":"<!-- This site is optimized with the Yoast SEO plugin v24.9 - https:\/\/yoast.com\/wordpress\/plugins\/seo\/ -->\n<title>Drainage Lymphatique \u00e0 Toulouse | Cabinet Laure<\/title>\n<meta name=\"description\" content=\"Le drainage lymphatique manuel au Cabinet Laure \u00e0 Toulouse aide \u00e0 r\u00e9duire les \u0153d\u00e8mes, stimuler la circulation et d\u00e9toxifier le corps. Offrez \u00e0 votre corps l\u00e9g\u00e8ret\u00e9 et bien-\u00eatre.\" \/>\n<meta name=\"robots\" content=\"index, follow, max-snippet:-1, max-image-preview:large, max-video-preview:-1\" \/>\n<link rel=\"canonical\" href=\"https:\/\/cabinet-laure.com\/index.php\/drainage-lymphatique\/\" \/>\n<meta property=\"og:locale\" content=\"fr_FR\" \/>\n<meta property=\"og:type\" content=\"article\" \/>\n<meta property=\"og:title\" content=\"Drainage Lymphatique \u00e0 Toulouse | Cabinet Laure\" \/>\n<meta property=\"og:description\" content=\"Le drainage lymphatique manuel au Cabinet Laure \u00e0 Toulouse aide \u00e0 r\u00e9duire les \u0153d\u00e8mes, stimuler la circulation et d\u00e9toxifier le corps. Offrez \u00e0 votre corps l\u00e9g\u00e8ret\u00e9 et bien-\u00eatre.\" \/>\n<meta property=\"og:url\" content=\"https:\/\/cabinet-laure.com\/index.php\/drainage-lymphatique\/\" \/>\n<meta property=\"og:site_name\" content=\"Cabinet Laure\" \/>\n<meta property=\"article:modified_time\" content=\"2025-04-26T17:03:22+00:00\" \/>\n<meta name=\"twitter:card\" content=\"summary_large_image\" \/>\n<meta name=\"twitter:label1\" content=\"Dur\u00e9e de lecture estim\u00e9e\" \/>\n\t<meta name=\"twitter:data1\" content=\"2 minutes\" \/>\n<script type=\"application\/ld+json\" class=\"yoast-schema-graph\">{\"@context\":\"https:\/\/schema.org\",\"@graph\":[{\"@type\":\"WebPage\",\"@id\":\"https:\/\/cabinet-laure.com\/index.php\/drainage-lymphatique\/\",\"url\":\"https:\/\/cabinet-laure.com\/index.php\/drainage-lymphatique\/\",\"name\":\"Drainage Lymphatique \u00e0 Toulouse | Cabinet Laure\",\"isPartOf\":{\"@id\":\"https:\/\/cabinet-laure.com\/#website\"},\"datePublished\":\"2023-12-03T10:11:07+00:00\",\"dateModified\":\"2025-04-26T17:03:22+00:00\",\"description\":\"Le drainage lymphatique manuel au Cabinet Laure \u00e0 Toulouse aide \u00e0 r\u00e9duire les \u0153d\u00e8mes, stimuler la circulation et d\u00e9toxifier le corps. Offrez \u00e0 votre corps l\u00e9g\u00e8ret\u00e9 et bien-\u00eatre.\",\"breadcrumb\":{\"@id\":\"https:\/\/cabinet-laure.com\/index.php\/drainage-lymphatique\/#breadcrumb\"},\"inLanguage\":\"fr-FR\",\"potentialAction\":[{\"@type\":\"ReadAction\",\"target\":[\"https:\/\/cabinet-laure.com\/index.php\/drainage-lymphatique\/\"]}]},{\"@type\":\"BreadcrumbList\",\"@id\":\"https:\/\/cabinet-laure.com\/index.php\/drainage-lymphatique\/#breadcrumb\",\"itemListElement\":[{\"@type\":\"ListItem\",\"position\":1,\"name\":\"Accueil\",\"item\":\"https:\/\/cabinet-laure.com\/\"},{\"@type\":\"ListItem\",\"position\":2,\"name\":\"Drainage Lymphatique\"}]},{\"@type\":\"WebSite\",\"@id\":\"https:\/\/cabinet-laure.com\/#website\",\"url\":\"https:\/\/cabinet-laure.com\/\",\"name\":\"Cabinet Laure\",\"description\":\"8 Rue Belle Paule - 31500 Toulouse\",\"potentialAction\":[{\"@type\":\"SearchAction\",\"target\":{\"@type\":\"EntryPoint\",\"urlTemplate\":\"https:\/\/cabinet-laure.com\/?s={search_term_string}\"},\"query-input\":{\"@type\":\"PropertyValueSpecification\",\"valueRequired\":true,\"valueName\":\"search_term_string\"}}],\"inLanguage\":\"fr-FR\"}]}<\/script>\n<!-- \/ Yoast SEO plugin. -->","yoast_head_json":{"title":"Drainage Lymphatique \u00e0 Toulouse | Cabinet Laure","description":"Le drainage lymphatique manuel au Cabinet Laure \u00e0 Toulouse aide \u00e0 r\u00e9duire les \u0153d\u00e8mes, stimuler la circulation et d\u00e9toxifier le corps. Offrez \u00e0 votre corps l\u00e9g\u00e8ret\u00e9 et bien-\u00eatre.","robots":{"index":"index","follow":"follow","max-snippet":"max-snippet:-1","max-image-preview":"max-image-preview:large","max-video-preview":"max-video-preview:-1"},"canonical":"https:\/\/cabinet-laure.com\/index.php\/drainage-lymphatique\/","og_locale":"fr_FR","og_type":"article","og_title":"Drainage Lymphatique \u00e0 Toulouse | Cabinet Laure","og_description":"Le drainage lymphatique manuel au Cabinet Laure \u00e0 Toulouse aide \u00e0 r\u00e9duire les \u0153d\u00e8mes, stimuler la circulation et d\u00e9toxifier le corps. Offrez \u00e0 votre corps l\u00e9g\u00e8ret\u00e9 et bien-\u00eatre.","og_url":"https:\/\/cabinet-laure.com\/index.php\/drainage-lymphatique\/","og_site_name":"Cabinet Laure","article_modified_time":"2025-04-26T17:03:22+00:00","twitter_card":"summary_large_image","twitter_misc":{"Dur\u00e9e de lecture estim\u00e9e":"2 minutes"},"schema":{"@context":"https:\/\/schema.org","@graph":[{"@type":"WebPage","@id":"https:\/\/cabinet-laure.com\/index.php\/drainage-lymphatique\/","url":"https:\/\/cabinet-laure.com\/index.php\/drainage-lymphatique\/","name":"Drainage Lymphatique \u00e0 Toulouse | Cabinet Laure","isPartOf":{"@id":"https:\/\/cabinet-laure.com\/#website"},"datePublished":"2023-12-03T10:11:07+00:00","dateModified":"2025-04-26T17:03:22+00:00","description":"Le drainage lymphatique manuel au Cabinet Laure \u00e0 Toulouse aide \u00e0 r\u00e9duire les \u0153d\u00e8mes, stimuler la circulation et d\u00e9toxifier le corps. Offrez \u00e0 votre corps l\u00e9g\u00e8ret\u00e9 et bien-\u00eatre.","breadcrumb":{"@id":"https:\/\/cabinet-laure.com\/index.php\/drainage-lymphatique\/#breadcrumb"},"inLanguage":"fr-FR","potentialAction":[{"@type":"ReadAction","target":["https:\/\/cabinet-laure.com\/index.php\/drainage-lymphatique\/"]}]},{"@type":"BreadcrumbList","@id":"https:\/\/cabinet-laure.com\/index.php\/drainage-lymphatique\/#breadcrumb","itemListElement":[{"@type":"ListItem","position":1,"name":"Accueil","item":"https:\/\/cabinet-laure.com\/"},{"@type":"ListItem","position":2,"name":"Drainage Lymphatique"}]},{"@type":"WebSite","@id":"https:\/\/cabinet-laure.com\/#website","url":"https:\/\/cabinet-laure.com\/","name":"Cabinet Laure","description":"8 Rue Belle Paule - 31500 Toulouse","potentialAction":[{"@type":"SearchAction","target":{"@type":"EntryPoint","urlTemplate":"https:\/\/cabinet-laure.com\/?s={search_term_string}"},"query-input":{"@type":"PropertyValueSpecification","valueRequired":true,"valueName":"search_term_string"}}],"inLanguage":"fr-FR"}]}},"_links":{"self":[{"href":"https:\/\/cabinet-laure.com\/index.php\/wp-json\/wp\/v2\/pages\/83","targetHints":{"allow":["GET"]}}],"collection":[{"href":"https:\/\/cabinet-laure.com\/index.php\/wp-json\/wp\/v2\/pages"}],"about":[{"href":"https:\/\/cabinet-laure.com\/index.php\/wp-json\/wp\/v2\/types\/page"}],"author":[{"embeddable":true,"href":"https:\/\/cabinet-laure.com\/index.php\/wp-json\/wp\/v2\/users\/1"}],"replies":[{"embeddable":true,"href":"https:\/\/cabinet-laure.com\/index.php\/wp-json\/wp\/v2\/comments?post=83"}],"version-history":[{"count":7,"href":"https:\/\/cabinet-laure.com\/index.php\/wp-json\/wp\/v2\/pages\/83\/revisions"}],"predecessor-version":[{"id":319,"href":"https:\/\/cabinet-laure.com\/index.php\/wp-json\/wp\/v2\/pages\/83\/revisions\/319"}],"wp:attachment":[{"href":"https:\/\/cabinet-laure.com\/index.php\/wp-json\/wp\/v2\/media?parent=83"}],"curies":[{"name":"wp","href":"https:\/\/api.w.org\/{rel}","templated":true}]}}