{"id":84,"date":"2023-12-03T11:11:07","date_gmt":"2023-12-03T10:11:07","guid":{"rendered":"http:\/\/cabinet-laure.com\/?page_id=84"},"modified":"2025-04-21T20:29:10","modified_gmt":"2025-04-21T18:29:10","slug":"maderotherapie","status":"publish","type":"page","link":"https:\/\/cabinet-laure.com\/index.php\/maderotherapie\/","title":{"rendered":"Mad\u00e9roth\u00e9rapie"},"content":{"rendered":"\n<h4 class=\"wp-block-heading has-text-align-center\">La Mad\u00e9roth\u00e9rapie<\/h4>\n\n\n\n<p>La mad\u00e9roth\u00e9rapie, du corps et du visage, est une technique de massage remodelant qui utilise des outils en bois naturel de tailles et de formes diff\u00e9rentes.<\/p>\n\n\n\n<p>Lors de la s\u00e9ance, j&rsquo;utilise ces outils en bois avec \u00e9nergie mais sans pression pour modeler votre corps, stimuler votre circulation sanguine et lymphatique, lutter contre le vieillissement cutan\u00e9 et la flaccidit\u00e9 de la peau, la r\u00e9tention d\u2019eau, la cellulite&#8230;<\/p>\n\n\n\n<p>Au sein du Cabinet Laure, je souhaite vous offrir un lieu o\u00f9 vous pouvez prendre soin de vous et exp\u00e9rimenter les b\u00e9n\u00e9fices de ce soin remodelant. Avant d&rsquo;initier un programme, nous r\u00e9alisons ensemble un bilan \u00e9voquant vos envies et vos besoins. Cet \u00e9change permet de vous proposer les soins adapt\u00e9s et de compl\u00e9ter avec la Th\u00e9rapie Manuelle et\/ou le Drainage Lymphatique.<\/p>\n\n\n\n<div style=\"height:60px\" aria-hidden=\"true\" class=\"wp-block-spacer\"><\/div>\n\n\n\n<div class=\"wp-block-webtop-imageselectinspector comparison-slider-container\"><img decoding=\"async\" src=\"https:\/\/cabinet-laure.com\/wp-content\/uploads\/2024\/03\/Design-sans-titre-6.png\" class=\"comparison-slide-before\"\/><div class=\"comparison-slide-after\" style=\"background-image:url(&quot;https:\/\/cabinet-laure.com\/wp-content\/uploads\/2024\/03\/Design-sans-titre-7.png&quot;)\"><\/div><\/div>\n\n\n\n<p class=\"has-text-align-center has-small-font-size\"><em>Avant\/Apr\u00e8s Maderoth\u00e9rapie Abdomen<\/em><\/p>\n\n\n<p>Voir aussi <a href=\"https:\/\/cabinet-laure.com\/index.php\/drainage-lymphatique\/\">drainage lymphatique<\/a><\/p>\n\n\n<div style=\"height:60px\" aria-hidden=\"true\" class=\"wp-block-spacer\"><\/div>\n\n\n\n<div class=\"wp-block-group\"><div class=\"wp-block-group__inner-container is-layout-constrained wp-block-group-is-layout-constrained\">\n<div class=\"wp-block-group\"><div class=\"wp-block-group__inner-container is-layout-constrained wp-block-group-is-layout-constrained\">\n<div class=\"wp-block-group\"><div class=\"wp-block-group__inner-container is-layout-constrained wp-block-group-is-layout-constrained\">\n<div class=\"wp-block-group\"><div class=\"wp-block-group__inner-container is-layout-constrained wp-block-group-is-layout-constrained\">\n<p>Je vous attends avec plaisir au Cabinet Laure, prenez soin de vous.<\/p>\n<\/div><\/div>\n<\/div><\/div>\n<\/div><\/div>\n\n\n\n<div style=\"height:50px\" aria-hidden=\"true\" class=\"wp-block-spacer\"><\/div>\n\n\n\n<p class=\"has-text-align-center\"><strong>Laure Caumont<br>06.38.17.44.31<\/strong><\/p>\n\n\n\n<div style=\"height:50px\" aria-hidden=\"true\" class=\"wp-block-spacer\"><\/div>\n\n\n\n<div class=\"wp-block-group\"><div class=\"wp-block-group__inner-container is-layout-constrained wp-block-group-is-layout-constrained\">\n<div class=\"wp-block-columns is-layout-flex wp-container-core-columns-is-layout-9d6595d7 wp-block-columns-is-layout-flex\">\n<div class=\"wp-block-column is-layout-flow wp-block-column-is-layout-flow\" style=\"flex-basis:66.66%\">\n<iframe src=\"https:\/\/www.google.com\/maps\/embed?pb=!1m18!1m12!1m3!1d2889.517760315517!2d1.464356599999996!3d43.595760099999985!2m3!1f0!2f0!3f0!3m2!1i1024!2i768!4f13.1!3m3!1m2!1s0x12aebcf36c6e23ed%3A0xca17d3d323b315c7!2s8%20Rue%20Belle%20Paule%2C%2031500%20Toulouse!5e0!3m2!1sfr!2sfr!4v1704575943575!5m2!1sfr!2sfr\" width=\"600\" height=\"450\" style=\"border:0;\" allowfullscreen=\"\" loading=\"lazy\" referrerpolicy=\"no-referrer-when-downgrade\"><\/iframe>\n<\/div>\n\n\n\n<div class=\"wp-block-column is-vertically-aligned-center is-layout-flow wp-block-column-is-layout-flow\" style=\"flex-basis:33.33%\">\n<p class=\"has-text-align-center\">8 Rue Belle Paule, 31500 Toulouse<br>06.38.17.44.31<\/p>\n<\/div>\n<\/div>\n<\/div><\/div>\n<\/div><\/div>\n","protected":false},"excerpt":{"rendered":"<p>La Mad\u00e9roth\u00e9rapie La mad\u00e9roth\u00e9rapie, du corps et du visage, est une technique de massage remodelant qui utilise des outils en bois naturel de tailles et de formes diff\u00e9rentes. Lors de &hellip; <\/p>\n","protected":false},"author":1,"featured_media":0,"parent":0,"menu_order":0,"comment_status":"closed","ping_status":"closed","template":"","meta":{"footnotes":""},"class_list":["post-84","page","type-page","status-publish","hentry"],"yoast_head":"<!-- This site is optimized with the Yoast SEO plugin v24.9 - https:\/\/yoast.com\/wordpress\/plugins\/seo\/ -->\n<title>Mad\u00e9roth\u00e9rapie \u00e0 Toulouse | Cabinet Laure<\/title>\n<meta name=\"description\" content=\"D\u00e9couvrez les bienfaits de la mad\u00e9roth\u00e9rapie au Cabinet Laure \u00e0 Toulouse : une technique naturelle de massage avec des instruments en bois pour remodeler le corps\" \/>\n<meta name=\"robots\" content=\"index, follow, max-snippet:-1, max-image-preview:large, max-video-preview:-1\" \/>\n<link rel=\"canonical\" href=\"https:\/\/cabinet-laure.com\/index.php\/maderotherapie\/\" \/>\n<meta property=\"og:locale\" content=\"fr_FR\" \/>\n<meta property=\"og:type\" content=\"article\" \/>\n<meta property=\"og:title\" content=\"Mad\u00e9roth\u00e9rapie \u00e0 Toulouse | Cabinet Laure\" \/>\n<meta property=\"og:description\" content=\"D\u00e9couvrez les bienfaits de la mad\u00e9roth\u00e9rapie au Cabinet Laure \u00e0 Toulouse : une technique naturelle de massage avec des instruments en bois pour remodeler le corps\" \/>\n<meta property=\"og:url\" content=\"https:\/\/cabinet-laure.com\/index.php\/maderotherapie\/\" \/>\n<meta property=\"og:site_name\" content=\"Cabinet Laure\" \/>\n<meta property=\"article:modified_time\" content=\"2025-04-21T18:29:10+00:00\" \/>\n<meta property=\"og:image\" content=\"https:\/\/cabinet-laure.com\/wp-content\/uploads\/2024\/03\/Design-sans-titre-6.png\" \/>\n<meta name=\"twitter:card\" content=\"summary_large_image\" \/>\n<meta name=\"twitter:label1\" content=\"Dur\u00e9e de lecture estim\u00e9e\" \/>\n\t<meta name=\"twitter:data1\" content=\"2 minutes\" \/>\n<script type=\"application\/ld+json\" class=\"yoast-schema-graph\">{\"@context\":\"https:\/\/schema.org\",\"@graph\":[{\"@type\":\"WebPage\",\"@id\":\"https:\/\/cabinet-laure.com\/index.php\/maderotherapie\/\",\"url\":\"https:\/\/cabinet-laure.com\/index.php\/maderotherapie\/\",\"name\":\"Mad\u00e9roth\u00e9rapie \u00e0 Toulouse | Cabinet Laure\",\"isPartOf\":{\"@id\":\"https:\/\/cabinet-laure.com\/#website\"},\"primaryImageOfPage\":{\"@id\":\"https:\/\/cabinet-laure.com\/index.php\/maderotherapie\/#primaryimage\"},\"image\":{\"@id\":\"https:\/\/cabinet-laure.com\/index.php\/maderotherapie\/#primaryimage\"},\"thumbnailUrl\":\"https:\/\/cabinet-laure.com\/wp-content\/uploads\/2024\/03\/Design-sans-titre-6.png\",\"datePublished\":\"2023-12-03T10:11:07+00:00\",\"dateModified\":\"2025-04-21T18:29:10+00:00\",\"description\":\"D\u00e9couvrez les bienfaits de la mad\u00e9roth\u00e9rapie au Cabinet Laure \u00e0 Toulouse : une technique naturelle de massage avec des instruments en bois pour remodeler le corps\",\"breadcrumb\":{\"@id\":\"https:\/\/cabinet-laure.com\/index.php\/maderotherapie\/#breadcrumb\"},\"inLanguage\":\"fr-FR\",\"potentialAction\":[{\"@type\":\"ReadAction\",\"target\":[\"https:\/\/cabinet-laure.com\/index.php\/maderotherapie\/\"]}]},{\"@type\":\"ImageObject\",\"inLanguage\":\"fr-FR\",\"@id\":\"https:\/\/cabinet-laure.com\/index.php\/maderotherapie\/#primaryimage\",\"url\":\"https:\/\/cabinet-laure.com\/wp-content\/uploads\/2024\/03\/Design-sans-titre-6.png\",\"contentUrl\":\"https:\/\/cabinet-laure.com\/wp-content\/uploads\/2024\/03\/Design-sans-titre-6.png\",\"width\":1640,\"height\":924},{\"@type\":\"BreadcrumbList\",\"@id\":\"https:\/\/cabinet-laure.com\/index.php\/maderotherapie\/#breadcrumb\",\"itemListElement\":[{\"@type\":\"ListItem\",\"position\":1,\"name\":\"Accueil\",\"item\":\"https:\/\/cabinet-laure.com\/\"},{\"@type\":\"ListItem\",\"position\":2,\"name\":\"Mad\u00e9roth\u00e9rapie\"}]},{\"@type\":\"WebSite\",\"@id\":\"https:\/\/cabinet-laure.com\/#website\",\"url\":\"https:\/\/cabinet-laure.com\/\",\"name\":\"Cabinet Laure\",\"description\":\"8 Rue Belle Paule - 31500 Toulouse\",\"potentialAction\":[{\"@type\":\"SearchAction\",\"target\":{\"@type\":\"EntryPoint\",\"urlTemplate\":\"https:\/\/cabinet-laure.com\/?s={search_term_string}\"},\"query-input\":{\"@type\":\"PropertyValueSpecification\",\"valueRequired\":true,\"valueName\":\"search_term_string\"}}],\"inLanguage\":\"fr-FR\"}]}<\/script>\n<!-- \/ Yoast SEO plugin. -->","yoast_head_json":{"title":"Mad\u00e9roth\u00e9rapie \u00e0 Toulouse | Cabinet Laure","description":"D\u00e9couvrez les bienfaits de la mad\u00e9roth\u00e9rapie au Cabinet Laure \u00e0 Toulouse : une technique naturelle de massage avec des instruments en bois pour remodeler le corps","robots":{"index":"index","follow":"follow","max-snippet":"max-snippet:-1","max-image-preview":"max-image-preview:large","max-video-preview":"max-video-preview:-1"},"canonical":"https:\/\/cabinet-laure.com\/index.php\/maderotherapie\/","og_locale":"fr_FR","og_type":"article","og_title":"Mad\u00e9roth\u00e9rapie \u00e0 Toulouse | Cabinet Laure","og_description":"D\u00e9couvrez les bienfaits de la mad\u00e9roth\u00e9rapie au Cabinet Laure \u00e0 Toulouse : une technique naturelle de massage avec des instruments en bois pour remodeler le corps","og_url":"https:\/\/cabinet-laure.com\/index.php\/maderotherapie\/","og_site_name":"Cabinet Laure","article_modified_time":"2025-04-21T18:29:10+00:00","og_image":[{"url":"https:\/\/cabinet-laure.com\/wp-content\/uploads\/2024\/03\/Design-sans-titre-6.png","type":"","width":"","height":""}],"twitter_card":"summary_large_image","twitter_misc":{"Dur\u00e9e de lecture estim\u00e9e":"2 minutes"},"schema":{"@context":"https:\/\/schema.org","@graph":[{"@type":"WebPage","@id":"https:\/\/cabinet-laure.com\/index.php\/maderotherapie\/","url":"https:\/\/cabinet-laure.com\/index.php\/maderotherapie\/","name":"Mad\u00e9roth\u00e9rapie \u00e0 Toulouse | Cabinet Laure","isPartOf":{"@id":"https:\/\/cabinet-laure.com\/#website"},"primaryImageOfPage":{"@id":"https:\/\/cabinet-laure.com\/index.php\/maderotherapie\/#primaryimage"},"image":{"@id":"https:\/\/cabinet-laure.com\/index.php\/maderotherapie\/#primaryimage"},"thumbnailUrl":"https:\/\/cabinet-laure.com\/wp-content\/uploads\/2024\/03\/Design-sans-titre-6.png","datePublished":"2023-12-03T10:11:07+00:00","dateModified":"2025-04-21T18:29:10+00:00","description":"D\u00e9couvrez les bienfaits de la mad\u00e9roth\u00e9rapie au Cabinet Laure \u00e0 Toulouse : une technique naturelle de massage avec des instruments en bois pour remodeler le corps","breadcrumb":{"@id":"https:\/\/cabinet-laure.com\/index.php\/maderotherapie\/#breadcrumb"},"inLanguage":"fr-FR","potentialAction":[{"@type":"ReadAction","target":["https:\/\/cabinet-laure.com\/index.php\/maderotherapie\/"]}]},{"@type":"ImageObject","inLanguage":"fr-FR","@id":"https:\/\/cabinet-laure.com\/index.php\/maderotherapie\/#primaryimage","url":"https:\/\/cabinet-laure.com\/wp-content\/uploads\/2024\/03\/Design-sans-titre-6.png","contentUrl":"https:\/\/cabinet-laure.com\/wp-content\/uploads\/2024\/03\/Design-sans-titre-6.png","width":1640,"height":924},{"@type":"BreadcrumbList","@id":"https:\/\/cabinet-laure.com\/index.php\/maderotherapie\/#breadcrumb","itemListElement":[{"@type":"ListItem","position":1,"name":"Accueil","item":"https:\/\/cabinet-laure.com\/"},{"@type":"ListItem","position":2,"name":"Mad\u00e9roth\u00e9rapie"}]},{"@type":"WebSite","@id":"https:\/\/cabinet-laure.com\/#website","url":"https:\/\/cabinet-laure.com\/","name":"Cabinet Laure","description":"8 Rue Belle Paule - 31500 Toulouse","potentialAction":[{"@type":"SearchAction","target":{"@type":"EntryPoint","urlTemplate":"https:\/\/cabinet-laure.com\/?s={search_term_string}"},"query-input":{"@type":"PropertyValueSpecification","valueRequired":true,"valueName":"search_term_string"}}],"inLanguage":"fr-FR"}]}},"_links":{"self":[{"href":"https:\/\/cabinet-laure.com\/index.php\/wp-json\/wp\/v2\/pages\/84","targetHints":{"allow":["GET"]}}],"collection":[{"href":"https:\/\/cabinet-laure.com\/index.php\/wp-json\/wp\/v2\/pages"}],"about":[{"href":"https:\/\/cabinet-laure.com\/index.php\/wp-json\/wp\/v2\/types\/page"}],"author":[{"embeddable":true,"href":"https:\/\/cabinet-laure.com\/index.php\/wp-json\/wp\/v2\/users\/1"}],"replies":[{"embeddable":true,"href":"https:\/\/cabinet-laure.com\/index.php\/wp-json\/wp\/v2\/comments?post=84"}],"version-history":[{"count":12,"href":"https:\/\/cabinet-laure.com\/index.php\/wp-json\/wp\/v2\/pages\/84\/revisions"}],"predecessor-version":[{"id":318,"href":"https:\/\/cabinet-laure.com\/index.php\/wp-json\/wp\/v2\/pages\/84\/revisions\/318"}],"wp:attachment":[{"href":"https:\/\/cabinet-laure.com\/index.php\/wp-json\/wp\/v2\/media?parent=84"}],"curies":[{"name":"wp","href":"https:\/\/api.w.org\/{rel}","templated":true}]}}