{"id":86,"date":"2023-12-03T11:11:07","date_gmt":"2023-12-03T10:11:07","guid":{"rendered":"http:\/\/cabinet-laure.com\/?page_id=86"},"modified":"2024-03-17T23:02:18","modified_gmt":"2024-03-17T22:02:18","slug":"le-cabinet","status":"publish","type":"page","link":"https:\/\/cabinet-laure.com\/index.php\/le-cabinet\/","title":{"rendered":"Le Cabinet"},"content":{"rendered":"\n<h4 class=\"wp-block-heading has-text-align-center\">Bienvenue au Cabinet Laure, un lieu d\u00e9di\u00e9 au bien-\u00eatre de tous.<\/h4>\n\n\n\n<div style=\"height:30px\" aria-hidden=\"true\" class=\"wp-block-spacer\"><\/div>\n\n\n\n<p class=\"has-text-align-left\">En tant que th\u00e9rapeute passionn\u00e9e, praticienne de drainage lymphatique, et adepte de la mad\u00e9roth\u00e9rapie, je m&rsquo;engage \u00e0 vous offrir une exp\u00e9rience unique et personnalis\u00e9e.<\/p>\n\n\n\n<p>Au c\u0153ur de mon approche, se trouve la conviction que chaque individu m\u00e9rite une attention particuli\u00e8re. La th\u00e9rapie manuelle, visant \u00e0 traiter les origines des maux, le drainage lymphatique, facilitant l&rsquo;\u00e9limination des toxines, et la mad\u00e9roth\u00e9rapie, utilisant les bienfaits des outils en bois, se combinent pour vous procurer un bien-\u00eatre complet.<\/p>\n\n\n\n<p>Le Cabinet Laure n&rsquo;est pas simplement un lieu de soins, mais une v\u00e9ritable safe place. Mon objectif est de cr\u00e9er un environnement o\u00f9 vous vous sentez entendu, compris, et soutenu.<\/p>\n\n\n\n<p>D\u00e9couvrez les services que je propose, prenez un moment pour vous, et n&rsquo;h\u00e9sitez pas \u00e0 me contacter pour plus d\u2019informations ou initier votre prise en charge.<\/p>\n\n\n\n<div style=\"height:50px\" aria-hidden=\"true\" class=\"wp-block-spacer\"><\/div>\n\n\n\n<div class=\"wp-block-cb-carousel\" data-slick=\"{&quot;slidesToShow&quot;:3,&quot;slidesToScroll&quot;:3,&quot;speed&quot;:500,&quot;arrows&quot;:true,&quot;dots&quot;:true,&quot;autoplay&quot;:false,&quot;autoplaySpeed&quot;:3000,&quot;infinite&quot;:false,&quot;responsive&quot;:[{&quot;breakpoint&quot;:769,&quot;settings&quot;:{&quot;slidesToShow&quot;:1,&quot;slidesToScroll&quot;:1}}]}\">\n<div class=\"wp-block-cb-slide\">\n<figure class=\"wp-block-image size-full\"><img loading=\"lazy\" decoding=\"async\" width=\"720\" height=\"720\" src=\"https:\/\/cabinet-laure.com\/wp-content\/uploads\/2024\/03\/Design-sans-titre-2-1.png\" alt=\"\" class=\"wp-image-266\" srcset=\"https:\/\/cabinet-laure.com\/wp-content\/uploads\/2024\/03\/Design-sans-titre-2-1.png 720w, https:\/\/cabinet-laure.com\/wp-content\/uploads\/2024\/03\/Design-sans-titre-2-1-300x300.png 300w, https:\/\/cabinet-laure.com\/wp-content\/uploads\/2024\/03\/Design-sans-titre-2-1-150x150.png 150w, https:\/\/cabinet-laure.com\/wp-content\/uploads\/2024\/03\/Design-sans-titre-2-1-60x60.png 60w\" sizes=\"auto, (max-width: 720px) 100vw, 720px\" \/><\/figure>\n<\/div>\n\n\n\n<div class=\"wp-block-cb-slide\">\n<figure class=\"wp-block-image size-full\"><img loading=\"lazy\" decoding=\"async\" width=\"720\" height=\"720\" src=\"https:\/\/cabinet-laure.com\/wp-content\/uploads\/2024\/03\/Maderotherapie-Cabinet-Laure-1-1.png\" alt=\"\" class=\"wp-image-268\" srcset=\"https:\/\/cabinet-laure.com\/wp-content\/uploads\/2024\/03\/Maderotherapie-Cabinet-Laure-1-1.png 720w, https:\/\/cabinet-laure.com\/wp-content\/uploads\/2024\/03\/Maderotherapie-Cabinet-Laure-1-1-300x300.png 300w, https:\/\/cabinet-laure.com\/wp-content\/uploads\/2024\/03\/Maderotherapie-Cabinet-Laure-1-1-150x150.png 150w, https:\/\/cabinet-laure.com\/wp-content\/uploads\/2024\/03\/Maderotherapie-Cabinet-Laure-1-1-60x60.png 60w\" sizes=\"auto, (max-width: 720px) 100vw, 720px\" \/><\/figure>\n<\/div>\n\n\n\n<div class=\"wp-block-cb-slide\">\n<figure class=\"wp-block-image size-full\"><img loading=\"lazy\" decoding=\"async\" width=\"720\" height=\"720\" src=\"https:\/\/cabinet-laure.com\/wp-content\/uploads\/2024\/03\/Maderotherapie-Cabinet-Laure-3.png\" alt=\"\" class=\"wp-image-269\" srcset=\"https:\/\/cabinet-laure.com\/wp-content\/uploads\/2024\/03\/Maderotherapie-Cabinet-Laure-3.png 720w, https:\/\/cabinet-laure.com\/wp-content\/uploads\/2024\/03\/Maderotherapie-Cabinet-Laure-3-300x300.png 300w, https:\/\/cabinet-laure.com\/wp-content\/uploads\/2024\/03\/Maderotherapie-Cabinet-Laure-3-150x150.png 150w, https:\/\/cabinet-laure.com\/wp-content\/uploads\/2024\/03\/Maderotherapie-Cabinet-Laure-3-60x60.png 60w\" sizes=\"auto, (max-width: 720px) 100vw, 720px\" \/><\/figure>\n<\/div>\n\n\n\n<div class=\"wp-block-cb-slide\">\n<figure class=\"wp-block-image size-full\"><img loading=\"lazy\" decoding=\"async\" width=\"720\" height=\"720\" src=\"https:\/\/cabinet-laure.com\/wp-content\/uploads\/2024\/03\/Maderotherapie-Cabinet-Laure-2-1.png\" alt=\"\" class=\"wp-image-270\" srcset=\"https:\/\/cabinet-laure.com\/wp-content\/uploads\/2024\/03\/Maderotherapie-Cabinet-Laure-2-1.png 720w, https:\/\/cabinet-laure.com\/wp-content\/uploads\/2024\/03\/Maderotherapie-Cabinet-Laure-2-1-300x300.png 300w, https:\/\/cabinet-laure.com\/wp-content\/uploads\/2024\/03\/Maderotherapie-Cabinet-Laure-2-1-150x150.png 150w, https:\/\/cabinet-laure.com\/wp-content\/uploads\/2024\/03\/Maderotherapie-Cabinet-Laure-2-1-60x60.png 60w\" sizes=\"auto, (max-width: 720px) 100vw, 720px\" \/><\/figure>\n<\/div>\n<\/div>\n\n\n\n<div style=\"height:50px\" aria-hidden=\"true\" class=\"wp-block-spacer\"><\/div>\n\n\n\n<div class=\"wp-block-group\"><div class=\"wp-block-group__inner-container is-layout-constrained wp-block-group-is-layout-constrained\">\n<div class=\"wp-block-group\"><div class=\"wp-block-group__inner-container is-layout-constrained wp-block-group-is-layout-constrained\">\n<div class=\"wp-block-group\"><div class=\"wp-block-group__inner-container is-layout-constrained wp-block-group-is-layout-constrained\">\n<div class=\"wp-block-group\"><div class=\"wp-block-group__inner-container is-layout-constrained wp-block-group-is-layout-constrained\">\n<p>Je vous attends avec plaisir au Cabinet Laure, prenez soin de vous.<\/p>\n<\/div><\/div>\n<\/div><\/div>\n<\/div><\/div>\n\n\n\n<div style=\"height:50px\" aria-hidden=\"true\" class=\"wp-block-spacer\"><\/div>\n\n\n\n<p class=\"has-text-align-center\"><strong>Laure Caumont<br>06.38.17.44.31<\/strong><\/p>\n\n\n\n<div style=\"height:50px\" aria-hidden=\"true\" class=\"wp-block-spacer\"><\/div>\n\n\n\n<div class=\"wp-block-group\"><div class=\"wp-block-group__inner-container is-layout-constrained wp-block-group-is-layout-constrained\">\n<div class=\"wp-block-columns is-layout-flex wp-container-core-columns-is-layout-9d6595d7 wp-block-columns-is-layout-flex\">\n<div class=\"wp-block-column is-layout-flow wp-block-column-is-layout-flow\" style=\"flex-basis:66.66%\">\n<iframe src=\"https:\/\/www.google.com\/maps\/embed?pb=!1m18!1m12!1m3!1d2889.517760315517!2d1.464356599999996!3d43.595760099999985!2m3!1f0!2f0!3f0!3m2!1i1024!2i768!4f13.1!3m3!1m2!1s0x12aebcf36c6e23ed%3A0xca17d3d323b315c7!2s8%20Rue%20Belle%20Paule%2C%2031500%20Toulouse!5e0!3m2!1sfr!2sfr!4v1704575943575!5m2!1sfr!2sfr\" width=\"600\" height=\"450\" style=\"border:0;\" allowfullscreen=\"\" loading=\"lazy\" referrerpolicy=\"no-referrer-when-downgrade\"><\/iframe>\n<\/div>\n\n\n\n<div class=\"wp-block-column is-vertically-aligned-center is-layout-flow wp-block-column-is-layout-flow\" style=\"flex-basis:33.33%\">\n<p class=\"has-text-align-center\">8 Rue Belle Paule, 31500 Toulouse<br>06.38.17.44.31<\/p>\n<\/div>\n<\/div>\n<\/div><\/div>\n<\/div><\/div>\n","protected":false},"excerpt":{"rendered":"<p>Bienvenue au Cabinet Laure, un lieu d\u00e9di\u00e9 au bien-\u00eatre de tous. En tant que th\u00e9rapeute passionn\u00e9e, praticienne de drainage lymphatique, et adepte de la mad\u00e9roth\u00e9rapie, je m&rsquo;engage \u00e0 vous offrir &hellip; <\/p>\n","protected":false},"author":1,"featured_media":0,"parent":0,"menu_order":0,"comment_status":"closed","ping_status":"closed","template":"","meta":{"footnotes":""},"class_list":["post-86","page","type-page","status-publish","hentry"],"yoast_head":"<!-- This site is optimized with the Yoast SEO plugin v24.9 - https:\/\/yoast.com\/wordpress\/plugins\/seo\/ -->\n<title>Le Cabinet - Cabinet Laure<\/title>\n<meta name=\"robots\" content=\"index, follow, max-snippet:-1, max-image-preview:large, max-video-preview:-1\" \/>\n<link rel=\"canonical\" href=\"https:\/\/cabinet-laure.com\/index.php\/le-cabinet\/\" \/>\n<meta property=\"og:locale\" content=\"fr_FR\" \/>\n<meta property=\"og:type\" content=\"article\" \/>\n<meta property=\"og:title\" content=\"Le Cabinet - Cabinet Laure\" \/>\n<meta property=\"og:description\" content=\"Bienvenue au Cabinet Laure, un lieu d\u00e9di\u00e9 au bien-\u00eatre de tous. En tant que th\u00e9rapeute passionn\u00e9e, praticienne de drainage lymphatique, et adepte de la mad\u00e9roth\u00e9rapie, je m&rsquo;engage \u00e0 vous offrir &hellip;\" \/>\n<meta property=\"og:url\" content=\"https:\/\/cabinet-laure.com\/index.php\/le-cabinet\/\" \/>\n<meta property=\"og:site_name\" content=\"Cabinet Laure\" \/>\n<meta property=\"article:modified_time\" content=\"2024-03-17T22:02:18+00:00\" \/>\n<meta property=\"og:image\" content=\"https:\/\/cabinet-laure.com\/wp-content\/uploads\/2024\/03\/Design-sans-titre-2-1.png\" \/>\n<meta name=\"twitter:card\" content=\"summary_large_image\" \/>\n<meta name=\"twitter:label1\" content=\"Dur\u00e9e de lecture estim\u00e9e\" \/>\n\t<meta name=\"twitter:data1\" content=\"1 minute\" \/>\n<script type=\"application\/ld+json\" class=\"yoast-schema-graph\">{\"@context\":\"https:\/\/schema.org\",\"@graph\":[{\"@type\":\"WebPage\",\"@id\":\"https:\/\/cabinet-laure.com\/index.php\/le-cabinet\/\",\"url\":\"https:\/\/cabinet-laure.com\/index.php\/le-cabinet\/\",\"name\":\"Le Cabinet - Cabinet Laure\",\"isPartOf\":{\"@id\":\"https:\/\/cabinet-laure.com\/#website\"},\"primaryImageOfPage\":{\"@id\":\"https:\/\/cabinet-laure.com\/index.php\/le-cabinet\/#primaryimage\"},\"image\":{\"@id\":\"https:\/\/cabinet-laure.com\/index.php\/le-cabinet\/#primaryimage\"},\"thumbnailUrl\":\"https:\/\/cabinet-laure.com\/wp-content\/uploads\/2024\/03\/Design-sans-titre-2-1.png\",\"datePublished\":\"2023-12-03T10:11:07+00:00\",\"dateModified\":\"2024-03-17T22:02:18+00:00\",\"breadcrumb\":{\"@id\":\"https:\/\/cabinet-laure.com\/index.php\/le-cabinet\/#breadcrumb\"},\"inLanguage\":\"fr-FR\",\"potentialAction\":[{\"@type\":\"ReadAction\",\"target\":[\"https:\/\/cabinet-laure.com\/index.php\/le-cabinet\/\"]}]},{\"@type\":\"ImageObject\",\"inLanguage\":\"fr-FR\",\"@id\":\"https:\/\/cabinet-laure.com\/index.php\/le-cabinet\/#primaryimage\",\"url\":\"https:\/\/cabinet-laure.com\/wp-content\/uploads\/2024\/03\/Design-sans-titre-2-1.png\",\"contentUrl\":\"https:\/\/cabinet-laure.com\/wp-content\/uploads\/2024\/03\/Design-sans-titre-2-1.png\",\"width\":720,\"height\":720},{\"@type\":\"BreadcrumbList\",\"@id\":\"https:\/\/cabinet-laure.com\/index.php\/le-cabinet\/#breadcrumb\",\"itemListElement\":[{\"@type\":\"ListItem\",\"position\":1,\"name\":\"Accueil\",\"item\":\"https:\/\/cabinet-laure.com\/\"},{\"@type\":\"ListItem\",\"position\":2,\"name\":\"Le Cabinet\"}]},{\"@type\":\"WebSite\",\"@id\":\"https:\/\/cabinet-laure.com\/#website\",\"url\":\"https:\/\/cabinet-laure.com\/\",\"name\":\"Cabinet Laure\",\"description\":\"8 Rue Belle Paule - 31500 Toulouse\",\"potentialAction\":[{\"@type\":\"SearchAction\",\"target\":{\"@type\":\"EntryPoint\",\"urlTemplate\":\"https:\/\/cabinet-laure.com\/?s={search_term_string}\"},\"query-input\":{\"@type\":\"PropertyValueSpecification\",\"valueRequired\":true,\"valueName\":\"search_term_string\"}}],\"inLanguage\":\"fr-FR\"}]}<\/script>\n<!-- \/ Yoast SEO plugin. -->","yoast_head_json":{"title":"Le Cabinet - Cabinet Laure","robots":{"index":"index","follow":"follow","max-snippet":"max-snippet:-1","max-image-preview":"max-image-preview:large","max-video-preview":"max-video-preview:-1"},"canonical":"https:\/\/cabinet-laure.com\/index.php\/le-cabinet\/","og_locale":"fr_FR","og_type":"article","og_title":"Le Cabinet - Cabinet Laure","og_description":"Bienvenue au Cabinet Laure, un lieu d\u00e9di\u00e9 au bien-\u00eatre de tous. En tant que th\u00e9rapeute passionn\u00e9e, praticienne de drainage lymphatique, et adepte de la mad\u00e9roth\u00e9rapie, je m&rsquo;engage \u00e0 vous offrir &hellip;","og_url":"https:\/\/cabinet-laure.com\/index.php\/le-cabinet\/","og_site_name":"Cabinet Laure","article_modified_time":"2024-03-17T22:02:18+00:00","og_image":[{"url":"https:\/\/cabinet-laure.com\/wp-content\/uploads\/2024\/03\/Design-sans-titre-2-1.png","type":"","width":"","height":""}],"twitter_card":"summary_large_image","twitter_misc":{"Dur\u00e9e de lecture estim\u00e9e":"1 minute"},"schema":{"@context":"https:\/\/schema.org","@graph":[{"@type":"WebPage","@id":"https:\/\/cabinet-laure.com\/index.php\/le-cabinet\/","url":"https:\/\/cabinet-laure.com\/index.php\/le-cabinet\/","name":"Le Cabinet - Cabinet Laure","isPartOf":{"@id":"https:\/\/cabinet-laure.com\/#website"},"primaryImageOfPage":{"@id":"https:\/\/cabinet-laure.com\/index.php\/le-cabinet\/#primaryimage"},"image":{"@id":"https:\/\/cabinet-laure.com\/index.php\/le-cabinet\/#primaryimage"},"thumbnailUrl":"https:\/\/cabinet-laure.com\/wp-content\/uploads\/2024\/03\/Design-sans-titre-2-1.png","datePublished":"2023-12-03T10:11:07+00:00","dateModified":"2024-03-17T22:02:18+00:00","breadcrumb":{"@id":"https:\/\/cabinet-laure.com\/index.php\/le-cabinet\/#breadcrumb"},"inLanguage":"fr-FR","potentialAction":[{"@type":"ReadAction","target":["https:\/\/cabinet-laure.com\/index.php\/le-cabinet\/"]}]},{"@type":"ImageObject","inLanguage":"fr-FR","@id":"https:\/\/cabinet-laure.com\/index.php\/le-cabinet\/#primaryimage","url":"https:\/\/cabinet-laure.com\/wp-content\/uploads\/2024\/03\/Design-sans-titre-2-1.png","contentUrl":"https:\/\/cabinet-laure.com\/wp-content\/uploads\/2024\/03\/Design-sans-titre-2-1.png","width":720,"height":720},{"@type":"BreadcrumbList","@id":"https:\/\/cabinet-laure.com\/index.php\/le-cabinet\/#breadcrumb","itemListElement":[{"@type":"ListItem","position":1,"name":"Accueil","item":"https:\/\/cabinet-laure.com\/"},{"@type":"ListItem","position":2,"name":"Le Cabinet"}]},{"@type":"WebSite","@id":"https:\/\/cabinet-laure.com\/#website","url":"https:\/\/cabinet-laure.com\/","name":"Cabinet Laure","description":"8 Rue Belle Paule - 31500 Toulouse","potentialAction":[{"@type":"SearchAction","target":{"@type":"EntryPoint","urlTemplate":"https:\/\/cabinet-laure.com\/?s={search_term_string}"},"query-input":{"@type":"PropertyValueSpecification","valueRequired":true,"valueName":"search_term_string"}}],"inLanguage":"fr-FR"}]}},"_links":{"self":[{"href":"https:\/\/cabinet-laure.com\/index.php\/wp-json\/wp\/v2\/pages\/86","targetHints":{"allow":["GET"]}}],"collection":[{"href":"https:\/\/cabinet-laure.com\/index.php\/wp-json\/wp\/v2\/pages"}],"about":[{"href":"https:\/\/cabinet-laure.com\/index.php\/wp-json\/wp\/v2\/types\/page"}],"author":[{"embeddable":true,"href":"https:\/\/cabinet-laure.com\/index.php\/wp-json\/wp\/v2\/users\/1"}],"replies":[{"embeddable":true,"href":"https:\/\/cabinet-laure.com\/index.php\/wp-json\/wp\/v2\/comments?post=86"}],"version-history":[{"count":14,"href":"https:\/\/cabinet-laure.com\/index.php\/wp-json\/wp\/v2\/pages\/86\/revisions"}],"predecessor-version":[{"id":274,"href":"https:\/\/cabinet-laure.com\/index.php\/wp-json\/wp\/v2\/pages\/86\/revisions\/274"}],"wp:attachment":[{"href":"https:\/\/cabinet-laure.com\/index.php\/wp-json\/wp\/v2\/media?parent=86"}],"curies":[{"name":"wp","href":"https:\/\/api.w.org\/{rel}","templated":true}]}}