{"id":98,"date":"2023-12-03T11:18:09","date_gmt":"2023-12-03T10:18:09","guid":{"rendered":"http:\/\/cabinet-laure.com\/?page_id=98"},"modified":"2024-09-02T11:24:13","modified_gmt":"2024-09-02T09:24:13","slug":"tarifs","status":"publish","type":"page","link":"https:\/\/cabinet-laure.com\/index.php\/tarifs\/","title":{"rendered":"Tarifs et R\u00e9servation"},"content":{"rendered":"\n<p class=\"has-text-align-center\">2 options vous sont propos\u00e9es pour prendre rendez-vous. <\/p>\n\n\n\n<p>Pour les adeptes de Planity, voici le lien du Cabinet : <a href=\"https:\/\/www.planity.com\/cabinet-laure-31500-toulouse\">Cabinet Laure<\/a><\/p>\n\n\n\n<p>Et bien \u00e9videment, vous pouvez me contacter au 06.38.17.44.31 (appel et SMS).<\/p>\n\n\n\n<p><\/p>\n\n\n\n<p class=\"has-text-align-center\">Retrouvez les tarifs de la Th\u00e9rapie Manuelle en page 1, du Drainage Lymphatique en page 2 et de la Mad\u00e9roth\u00e9rapie en page 3.<\/p>\n\n\n\n<div style=\"height:60px\" aria-hidden=\"true\" class=\"wp-block-spacer\"><\/div>\n\n\n\n<h4 class=\"wp-block-heading has-text-align-center\">TH\u00c9RAPIE MANUELLE<\/h4>\n\n\n\n<div class=\"wp-block-columns is-layout-flex wp-container-core-columns-is-layout-9d6595d7 wp-block-columns-is-layout-flex\">\n<div class=\"wp-block-column is-layout-flow wp-block-column-is-layout-flow\">\n<p>1\u00e8re s\u00e9ance, 30 minutes \u00e0 1 heure<\/p>\n\n\n\n<p>S\u00e9ance de suivi, 30 minutes \u00e0 1 heure<\/p>\n<\/div>\n\n\n\n<div class=\"wp-block-column is-layout-flow wp-block-column-is-layout-flow\">\n<p class=\"has-text-align-center\">50\u20ac<\/p>\n\n\n\n<p class=\"has-text-align-center\">45\u20ac<\/p>\n<\/div>\n<\/div>\n\n\n\n<!--nextpage-->\n\n\n\n<h4 class=\"wp-block-heading has-text-align-center\">DRAINAGE LYMPHATIQUE, inspir\u00e9 Vodder<\/h4>\n\n\n\n<div class=\"wp-block-columns is-layout-flex wp-container-core-columns-is-layout-9d6595d7 wp-block-columns-is-layout-flex\">\n<div class=\"wp-block-column is-layout-flow wp-block-column-is-layout-flow\" style=\"flex-basis:66.66%\">\n<p>S\u00e9ance g\u00e9n\u00e9rale, 1 heure 15<\/p>\n\n\n\n<p>S\u00e9ance haut du corps, 1 heure<\/p>\n\n\n\n<p>S\u00e9ance bas du corps, 1 heure<\/p>\n\n\n\n<p>S\u00e9ance visage, 30 minutes<\/p>\n\n\n\n<p>S\u00e9ance post-op\u00e9ratoire, 1 heure<\/p>\n<\/div>\n\n\n\n<div class=\"wp-block-column is-layout-flow wp-block-column-is-layout-flow\" style=\"flex-basis:33.33%\">\n<p class=\"has-text-align-center\">75\u20ac<\/p>\n\n\n\n<p class=\"has-text-align-center\">60\u20ac<\/p>\n\n\n\n<p class=\"has-text-align-center\">60\u20ac<\/p>\n\n\n\n<p class=\"has-text-align-center\">30\u20ac<\/p>\n\n\n\n<p class=\"has-text-align-center\">55\u20ac<\/p>\n<\/div>\n<\/div>\n\n\n\n<div class=\"wp-block-columns is-layout-flex wp-container-core-columns-is-layout-9d6595d7 wp-block-columns-is-layout-flex\">\n<div class=\"wp-block-column is-layout-flow wp-block-column-is-layout-flow\">\n<hr class=\"wp-block-separator has-alpha-channel-opacity\"\/>\n\n\n\n<p class=\"has-text-align-center\">La premi\u00e8re s\u00e9ance sera inclue dans la cure et son tarif d\u00e9duit du montant total de la cure.<br>Pour b\u00e9n\u00e9ficier d&rsquo;une cure, les s\u00e9ances doivent \u00eatre espac\u00e9es de 48h \u00e0 1 semaine.<\/p>\n\n\n\n<div class=\"wp-block-group\"><div class=\"wp-block-group__inner-container is-layout-constrained wp-block-group-is-layout-constrained\">\n<div class=\"wp-block-columns is-layout-flex wp-container-core-columns-is-layout-9d6595d7 wp-block-columns-is-layout-flex\">\n<div class=\"wp-block-column is-layout-flow wp-block-column-is-layout-flow\">\n<p class=\"has-text-align-center\">CURES<\/p>\n\n\n\n<p>Cure 3 s\u00e9ances<\/p>\n\n\n\n<p>Cure 5 s\u00e9ances<\/p>\n\n\n\n<p>Cure 8 s\u00e9ances<\/p>\n\n\n\n<p>Cure 10 s\u00e9ances<\/p>\n<\/div>\n\n\n\n<div class=\"wp-block-column is-layout-flow wp-block-column-is-layout-flow\">\n<p class=\"has-text-align-center\">1 HEURE 15<\/p>\n\n\n\n<p class=\"has-text-align-center\">220\u20ac<\/p>\n\n\n\n<p class=\"has-text-align-center\">350\u20ac<\/p>\n\n\n\n<p class=\"has-text-align-center\">540\u20ac<\/p>\n\n\n\n<p class=\"has-text-align-center\">650\u20ac<\/p>\n<\/div>\n\n\n\n<div class=\"wp-block-column is-layout-flow wp-block-column-is-layout-flow\">\n<p class=\"has-text-align-center\">1 HEURE<\/p>\n\n\n\n<p class=\"has-text-align-center\">175\u20ac<\/p>\n\n\n\n<p class=\"has-text-align-center\">280\u20ac<\/p>\n\n\n\n<p class=\"has-text-align-center\">430\u20ac<\/p>\n\n\n\n<p class=\"has-text-align-center\">520\u20ac<\/p>\n<\/div>\n<\/div>\n<\/div><\/div>\n<\/div>\n<\/div>\n\n\n\n<hr class=\"wp-block-separator has-alpha-channel-opacity\"\/>\n\n\n\n<p class=\"has-text-align-center\">La premi\u00e8re s\u00e9ance sera inclue dans la cure et son tarif d\u00e9duit du montant total de la cure.<br>Pour b\u00e9n\u00e9ficier d&rsquo;une cure, les s\u00e9ances doivent \u00eatre espac\u00e9es de 48h \u00e0 1 semaine.<\/p>\n\n\n\n<div class=\"wp-block-group\"><div class=\"wp-block-group__inner-container is-layout-constrained wp-block-group-is-layout-constrained\">\n<div class=\"wp-block-columns is-layout-flex wp-container-core-columns-is-layout-9d6595d7 wp-block-columns-is-layout-flex\">\n<div class=\"wp-block-column is-layout-flow wp-block-column-is-layout-flow\">\n<div class=\"wp-block-columns is-layout-flex wp-container-core-columns-is-layout-9d6595d7 wp-block-columns-is-layout-flex\">\n<div class=\"wp-block-column is-layout-flow wp-block-column-is-layout-flow\">\n<p class=\"has-text-align-center\">CURES<\/p>\n\n\n\n<p>Cure 3 s\u00e9ances<\/p>\n\n\n\n<p>Cure 5 s\u00e9ances<\/p>\n\n\n\n<p>Cure 8 s\u00e9ances<\/p>\n\n\n\n<p>Cure 10 s\u00e9ances<\/p>\n<\/div>\n\n\n\n<div class=\"wp-block-column is-layout-flow wp-block-column-is-layout-flow\">\n<p class=\"has-text-align-center\">30 MINUTES<\/p>\n\n\n\n<p class=\"has-text-align-center\">85\u20ac<\/p>\n\n\n\n<p class=\"has-text-align-center\">140\u20ac<\/p>\n\n\n\n<p class=\"has-text-align-center\">220\u20ac<\/p>\n\n\n\n<p class=\"has-text-align-center\">270\u20ac<\/p>\n<\/div>\n\n\n\n<div class=\"wp-block-column is-layout-flow wp-block-column-is-layout-flow\">\n<p class=\"has-text-align-center\">POST-OP\u00c9RATOIRES<\/p>\n\n\n\n<p class=\"has-text-align-center\">160\u20ac<\/p>\n\n\n\n<p class=\"has-text-align-center\">260\u20ac<\/p>\n\n\n\n<p class=\"has-text-align-center\">410\u20ac<\/p>\n\n\n\n<p class=\"has-text-align-center\">500\u20ac<\/p>\n<\/div>\n<\/div>\n<\/div>\n<\/div>\n<\/div><\/div>\n\n\n\n<hr class=\"wp-block-separator has-alpha-channel-opacity\"\/>\n\n\n\n<p class=\"has-text-align-center\">Une s\u00e9ance d&rsquo;entretien correspond \u00e0 1 \u00e0 2 s\u00e9ances par mois apr\u00e8s une cure de 10 s\u00e9ances.<\/p>\n\n\n\n<div class=\"wp-block-columns is-layout-flex wp-container-core-columns-is-layout-9d6595d7 wp-block-columns-is-layout-flex\">\n<div class=\"wp-block-column is-layout-flow wp-block-column-is-layout-flow\">\n<p class=\"has-text-align-center\">S\u00e9ance d&rsquo;entretien<\/p>\n\n\n\n<p class=\"has-text-align-center\">1 HEURE 15<\/p>\n\n\n\n<p class=\"has-text-align-center\">1 HEURE<\/p>\n\n\n\n<p class=\"has-text-align-center\">30 MINUTES<\/p>\n<\/div>\n\n\n\n<div class=\"wp-block-column is-layout-flow wp-block-column-is-layout-flow\">\n<p class=\"has-text-align-center\">Apr\u00e8s cure 10 s\u00e9ances<\/p>\n\n\n\n<p class=\"has-text-align-center\">65\u20ac<\/p>\n\n\n\n<p class=\"has-text-align-center\">52\u20ac<\/p>\n\n\n\n<p class=\"has-text-align-center\">27\u20ac<\/p>\n<\/div>\n<\/div>\n\n\n\n<hr class=\"wp-block-separator has-alpha-channel-opacity\"\/>\n\n\n\n<!--nextpage-->\n\n\n\n<div class=\"wp-block-columns is-layout-flex wp-container-core-columns-is-layout-9d6595d7 wp-block-columns-is-layout-flex\">\n<div class=\"wp-block-column is-layout-flow wp-block-column-is-layout-flow\">\n<h4 class=\"wp-block-heading has-text-align-center\">MAD\u00c9ROTH\u00c9RAPIE<\/h4>\n\n\n\n<div class=\"wp-block-columns is-layout-flex wp-container-core-columns-is-layout-9d6595d7 wp-block-columns-is-layout-flex\">\n<div class=\"wp-block-column is-layout-flow wp-block-column-is-layout-flow\" style=\"flex-basis:66.66%\">\n<p>Cuisses, 1 heure 45<\/p>\n\n\n\n<p>Fesses, 1 heure 45<\/p>\n\n\n\n<p>Abdomen et Taille, 1 heure 35<\/p>\n\n\n\n<p>Abdomen, 45 minutes<\/p>\n\n\n\n<p>Bras, 45 minutes<\/p>\n\n\n\n<p>Dos, 45 minutes<\/p>\n\n\n\n<p>Visage, 1 heure<\/p>\n\n\n\n<p>Visage, 30 minutes<\/p>\n<\/div>\n\n\n\n<div class=\"wp-block-column is-layout-flow wp-block-column-is-layout-flow\" style=\"flex-basis:33.33%\">\n<p class=\"has-text-align-center\">120\u20ac<\/p>\n\n\n\n<p class=\"has-text-align-center\">120\u20ac<\/p>\n\n\n\n<p class=\"has-text-align-center\">110\u20ac<\/p>\n\n\n\n<p class=\"has-text-align-center\">60\u20ac<\/p>\n\n\n\n<p class=\"has-text-align-center\">60\u20ac<\/p>\n\n\n\n<p class=\"has-text-align-center\">60\u20ac<\/p>\n\n\n\n<p class=\"has-text-align-center\">75\u20ac<\/p>\n\n\n\n<p class=\"has-text-align-center\">45\u20ac<\/p>\n<\/div>\n<\/div>\n\n\n\n<div class=\"wp-block-columns is-layout-flex wp-container-core-columns-is-layout-9d6595d7 wp-block-columns-is-layout-flex\">\n<div class=\"wp-block-column is-layout-flow wp-block-column-is-layout-flow\">\n<hr class=\"wp-block-separator has-alpha-channel-opacity\"\/>\n\n\n\n<p class=\"has-text-align-center\">La premi\u00e8re s\u00e9ance sera inclue dans la cure et son tarif d\u00e9duit du montant total de la cure.<br>Pour b\u00e9n\u00e9ficier d&rsquo;une cure, les s\u00e9ances doivent \u00eatre espac\u00e9es de 1 \u00e0 2 semaines.<\/p>\n\n\n\n<div class=\"wp-block-group\"><div class=\"wp-block-group__inner-container is-layout-constrained wp-block-group-is-layout-constrained\">\n<div class=\"wp-block-columns is-layout-flex wp-container-core-columns-is-layout-9d6595d7 wp-block-columns-is-layout-flex\">\n<div class=\"wp-block-column is-layout-flow wp-block-column-is-layout-flow\">\n<p class=\"has-text-align-center\">CURES<\/p>\n\n\n\n<p>Cure 3 s\u00e9ances<\/p>\n\n\n\n<p>Cure 5 s\u00e9ances<\/p>\n\n\n\n<p>Cure 8 s\u00e9ances<\/p>\n\n\n\n<p>Cure 10 s\u00e9ances<\/p>\n<\/div>\n\n\n\n<div class=\"wp-block-column is-layout-flow wp-block-column-is-layout-flow\">\n<p class=\"has-text-align-center\">1 HEURE 45<\/p>\n\n\n\n<p class=\"has-text-align-center\">345\u20ac<\/p>\n\n\n\n<p class=\"has-text-align-center\">550\u20ac<\/p>\n\n\n\n<p class=\"has-text-align-center\">840\u20ac<\/p>\n\n\n\n<p class=\"has-text-align-center\">1000\u20ac<\/p>\n<\/div>\n\n\n\n<div class=\"wp-block-column is-layout-flow wp-block-column-is-layout-flow\">\n<p class=\"has-text-align-center\">1 HEURE 35<\/p>\n\n\n\n<p class=\"has-text-align-center\">315\u20ac<\/p>\n\n\n\n<p class=\"has-text-align-center\">500\u20ac<\/p>\n\n\n\n<p class=\"has-text-align-center\">760\u20ac<\/p>\n\n\n\n<p class=\"has-text-align-center\">900\u20ac<\/p>\n<\/div>\n<\/div>\n<\/div><\/div>\n<\/div>\n<\/div>\n\n\n\n<hr class=\"wp-block-separator has-alpha-channel-opacity\"\/>\n\n\n\n<p class=\"has-text-align-center\">La premi\u00e8re s\u00e9ance sera inclue dans la cure et son tarif d\u00e9duit du montant total de la cure.<br>Pour b\u00e9n\u00e9ficier d&rsquo;une cure, les s\u00e9ances doivent \u00eatre espac\u00e9es de 1 \u00e0 2 semaines.<\/p>\n\n\n\n<div class=\"wp-block-group\"><div class=\"wp-block-group__inner-container is-layout-constrained wp-block-group-is-layout-constrained\">\n<div class=\"wp-block-columns is-layout-flex wp-container-core-columns-is-layout-9d6595d7 wp-block-columns-is-layout-flex\">\n<div class=\"wp-block-column is-layout-flow wp-block-column-is-layout-flow\">\n<div class=\"wp-block-columns is-layout-flex wp-container-core-columns-is-layout-9d6595d7 wp-block-columns-is-layout-flex\">\n<div class=\"wp-block-column is-layout-flow wp-block-column-is-layout-flow\">\n<p class=\"has-text-align-center\">CURES<\/p>\n\n\n\n<p>Cure 3 s\u00e9ances<\/p>\n\n\n\n<p>Cure 5 s\u00e9ances<\/p>\n\n\n\n<p>Cure 8 s\u00e9ances<\/p>\n\n\n\n<p>Cure 10 s\u00e9ances<\/p>\n<\/div>\n\n\n\n<div class=\"wp-block-column is-layout-flow wp-block-column-is-layout-flow\">\n<p class=\"has-text-align-center\">1 HEURE<\/p>\n\n\n\n<p class=\"has-text-align-center\">215\u20ac<\/p>\n\n\n\n<p class=\"has-text-align-center\">350\u20ac<\/p>\n\n\n\n<p class=\"has-text-align-center\">520\u20ac<\/p>\n\n\n\n<p class=\"has-text-align-center\">600\u20ac<\/p>\n<\/div>\n\n\n\n<div class=\"wp-block-column is-layout-flow wp-block-column-is-layout-flow\">\n<p class=\"has-text-align-center\">45 MINUTES<\/p>\n\n\n\n<p class=\"has-text-align-center\">175\u20ac<\/p>\n\n\n\n<p class=\"has-text-align-center\">275\u20ac<\/p>\n\n\n\n<p class=\"has-text-align-center\">420\u20ac<\/p>\n\n\n\n<p class=\"has-text-align-center\">500\u20ac<\/p>\n<\/div>\n<\/div>\n<\/div>\n<\/div>\n<\/div><\/div>\n\n\n\n<hr class=\"wp-block-separator has-alpha-channel-opacity\"\/>\n\n\n\n<p class=\"has-text-align-center\">La premi\u00e8re s\u00e9ance sera inclue dans la cure et son tarif d\u00e9duit du montant total de la cure.<br>Pour b\u00e9n\u00e9ficier d&rsquo;une cure, les s\u00e9ances doivent \u00eatre espac\u00e9es de 1 \u00e0 2 semaines.<\/p>\n\n\n\n<div class=\"wp-block-columns is-layout-flex wp-container-core-columns-is-layout-9d6595d7 wp-block-columns-is-layout-flex\">\n<div class=\"wp-block-column is-layout-flow wp-block-column-is-layout-flow\">\n<p class=\"has-text-align-center\">CURES<\/p>\n\n\n\n<p>Cure 3 s\u00e9ances<\/p>\n\n\n\n<p>Cure 5 s\u00e9ances<\/p>\n\n\n\n<p>Cure 8 s\u00e9ances<\/p>\n\n\n\n<p>Cure 10 s\u00e9ances<\/p>\n<\/div>\n\n\n\n<div class=\"wp-block-column is-layout-flow wp-block-column-is-layout-flow\">\n<p class=\"has-text-align-center\">30 MINUTES<\/p>\n\n\n\n<p class=\"has-text-align-center\">130\u20ac<\/p>\n\n\n\n<p class=\"has-text-align-center\">200\u20ac<\/p>\n\n\n\n<p class=\"has-text-align-center\">240\u20ac<\/p>\n\n\n\n<p class=\"has-text-align-center\">350\u20ac<\/p>\n<\/div>\n\n\n\n<div class=\"wp-block-column is-layout-flow wp-block-column-is-layout-flow\"><\/div>\n<\/div>\n\n\n\n<hr class=\"wp-block-separator has-alpha-channel-opacity\"\/>\n\n\n\n<p class=\"has-text-align-center\">Une s\u00e9ance d&rsquo;entretien correspond \u00e0 1 s\u00e9ance par mois apr\u00e8s une cure de 10 s\u00e9ances.<\/p>\n\n\n\n<div class=\"wp-block-columns is-layout-flex wp-container-core-columns-is-layout-9d6595d7 wp-block-columns-is-layout-flex\">\n<div class=\"wp-block-column is-layout-flow wp-block-column-is-layout-flow\">\n<p class=\"has-text-align-center\">S\u00e9ance d&rsquo;entretien<\/p>\n\n\n\n<p class=\"has-text-align-center\">1 HEURE 45<\/p>\n\n\n\n<p class=\"has-text-align-center\">1 HEURE 35<\/p>\n\n\n\n<p class=\"has-text-align-center\">1 HEURE<\/p>\n\n\n\n<p class=\"has-text-align-center\">45 MINUTES<\/p>\n\n\n\n<p class=\"has-text-align-center\">30 MINUTES<\/p>\n<\/div>\n\n\n\n<div class=\"wp-block-column is-layout-flow wp-block-column-is-layout-flow\">\n<p class=\"has-text-align-center\">1 HEURE 45<\/p>\n\n\n\n<p class=\"has-text-align-center\">100\u20ac<\/p>\n\n\n\n<p class=\"has-text-align-center\">90\u20ac<\/p>\n\n\n\n<p class=\"has-text-align-center\">60\u20ac<\/p>\n\n\n\n<p class=\"has-text-align-center\">50\u20ac<\/p>\n\n\n\n<p class=\"has-text-align-center\">35\u20ac<\/p>\n<\/div>\n<\/div>\n\n\n\n<hr class=\"wp-block-separator has-alpha-channel-opacity\"\/>\n<\/div>\n<\/div>\n","protected":false},"excerpt":{"rendered":"<p>2 options vous sont propos\u00e9es pour prendre rendez-vous. Pour les adeptes de Planity, voici le lien du Cabinet : Cabinet Laure Et bien \u00e9videment, vous pouvez me contacter au 06.38.17.44.31 &hellip; <\/p>\n","protected":false},"author":1,"featured_media":0,"parent":0,"menu_order":0,"comment_status":"closed","ping_status":"closed","template":"","meta":{"footnotes":""},"class_list":["post-98","page","type-page","status-publish","hentry"],"yoast_head":"<!-- This site is optimized with the Yoast SEO plugin v24.9 - https:\/\/yoast.com\/wordpress\/plugins\/seo\/ -->\n<title>Tarifs et R\u00e9servation - Cabinet Laure<\/title>\n<meta name=\"robots\" content=\"index, follow, max-snippet:-1, max-image-preview:large, max-video-preview:-1\" \/>\n<link rel=\"canonical\" href=\"https:\/\/cabinet-laure.com\/index.php\/tarifs\/\" \/>\n<link rel=\"next\" href=\"https:\/\/cabinet-laure.com\/index.php\/tarifs\/2\/\" \/>\n<meta property=\"og:locale\" content=\"fr_FR\" \/>\n<meta property=\"og:type\" content=\"article\" \/>\n<meta property=\"og:title\" content=\"Tarifs et R\u00e9servation - Cabinet Laure\" \/>\n<meta property=\"og:description\" content=\"2 options vous sont propos\u00e9es pour prendre rendez-vous. Pour les adeptes de Planity, voici le lien du Cabinet : Cabinet Laure Et bien \u00e9videment, vous pouvez me contacter au 06.38.17.44.31 &hellip;\" \/>\n<meta property=\"og:url\" content=\"https:\/\/cabinet-laure.com\/index.php\/tarifs\/\" \/>\n<meta property=\"og:site_name\" content=\"Cabinet Laure\" \/>\n<meta property=\"article:modified_time\" content=\"2024-09-02T09:24:13+00:00\" \/>\n<meta name=\"twitter:card\" content=\"summary_large_image\" \/>\n<meta name=\"twitter:label1\" content=\"Dur\u00e9e de lecture estim\u00e9e\" \/>\n\t<meta name=\"twitter:data1\" content=\"2 minutes\" \/>\n<script type=\"application\/ld+json\" class=\"yoast-schema-graph\">{\"@context\":\"https:\/\/schema.org\",\"@graph\":[{\"@type\":\"WebPage\",\"@id\":\"https:\/\/cabinet-laure.com\/index.php\/tarifs\/\",\"url\":\"https:\/\/cabinet-laure.com\/index.php\/tarifs\/\",\"name\":\"Tarifs et R\u00e9servation - Cabinet Laure\",\"isPartOf\":{\"@id\":\"https:\/\/cabinet-laure.com\/#website\"},\"datePublished\":\"2023-12-03T10:18:09+00:00\",\"dateModified\":\"2024-09-02T09:24:13+00:00\",\"inLanguage\":\"fr-FR\",\"potentialAction\":[{\"@type\":\"ReadAction\",\"target\":[\"https:\/\/cabinet-laure.com\/index.php\/tarifs\/\"]}]},{\"@type\":\"WebSite\",\"@id\":\"https:\/\/cabinet-laure.com\/#website\",\"url\":\"https:\/\/cabinet-laure.com\/\",\"name\":\"Cabinet Laure\",\"description\":\"8 Rue Belle Paule - 31500 Toulouse\",\"potentialAction\":[{\"@type\":\"SearchAction\",\"target\":{\"@type\":\"EntryPoint\",\"urlTemplate\":\"https:\/\/cabinet-laure.com\/?s={search_term_string}\"},\"query-input\":{\"@type\":\"PropertyValueSpecification\",\"valueRequired\":true,\"valueName\":\"search_term_string\"}}],\"inLanguage\":\"fr-FR\"}]}<\/script>\n<!-- \/ Yoast SEO plugin. -->","yoast_head_json":{"title":"Tarifs et R\u00e9servation - Cabinet Laure","robots":{"index":"index","follow":"follow","max-snippet":"max-snippet:-1","max-image-preview":"max-image-preview:large","max-video-preview":"max-video-preview:-1"},"canonical":"https:\/\/cabinet-laure.com\/index.php\/tarifs\/","next":"https:\/\/cabinet-laure.com\/index.php\/tarifs\/2\/","og_locale":"fr_FR","og_type":"article","og_title":"Tarifs et R\u00e9servation - Cabinet Laure","og_description":"2 options vous sont propos\u00e9es pour prendre rendez-vous. Pour les adeptes de Planity, voici le lien du Cabinet : Cabinet Laure Et bien \u00e9videment, vous pouvez me contacter au 06.38.17.44.31 &hellip;","og_url":"https:\/\/cabinet-laure.com\/index.php\/tarifs\/","og_site_name":"Cabinet Laure","article_modified_time":"2024-09-02T09:24:13+00:00","twitter_card":"summary_large_image","twitter_misc":{"Dur\u00e9e de lecture estim\u00e9e":"2 minutes"},"schema":{"@context":"https:\/\/schema.org","@graph":[{"@type":"WebPage","@id":"https:\/\/cabinet-laure.com\/index.php\/tarifs\/","url":"https:\/\/cabinet-laure.com\/index.php\/tarifs\/","name":"Tarifs et R\u00e9servation - Cabinet Laure","isPartOf":{"@id":"https:\/\/cabinet-laure.com\/#website"},"datePublished":"2023-12-03T10:18:09+00:00","dateModified":"2024-09-02T09:24:13+00:00","inLanguage":"fr-FR","potentialAction":[{"@type":"ReadAction","target":["https:\/\/cabinet-laure.com\/index.php\/tarifs\/"]}]},{"@type":"WebSite","@id":"https:\/\/cabinet-laure.com\/#website","url":"https:\/\/cabinet-laure.com\/","name":"Cabinet Laure","description":"8 Rue Belle Paule - 31500 Toulouse","potentialAction":[{"@type":"SearchAction","target":{"@type":"EntryPoint","urlTemplate":"https:\/\/cabinet-laure.com\/?s={search_term_string}"},"query-input":{"@type":"PropertyValueSpecification","valueRequired":true,"valueName":"search_term_string"}}],"inLanguage":"fr-FR"}]}},"_links":{"self":[{"href":"https:\/\/cabinet-laure.com\/index.php\/wp-json\/wp\/v2\/pages\/98","targetHints":{"allow":["GET"]}}],"collection":[{"href":"https:\/\/cabinet-laure.com\/index.php\/wp-json\/wp\/v2\/pages"}],"about":[{"href":"https:\/\/cabinet-laure.com\/index.php\/wp-json\/wp\/v2\/types\/page"}],"author":[{"embeddable":true,"href":"https:\/\/cabinet-laure.com\/index.php\/wp-json\/wp\/v2\/users\/1"}],"replies":[{"embeddable":true,"href":"https:\/\/cabinet-laure.com\/index.php\/wp-json\/wp\/v2\/comments?post=98"}],"version-history":[{"count":30,"href":"https:\/\/cabinet-laure.com\/index.php\/wp-json\/wp\/v2\/pages\/98\/revisions"}],"predecessor-version":[{"id":299,"href":"https:\/\/cabinet-laure.com\/index.php\/wp-json\/wp\/v2\/pages\/98\/revisions\/299"}],"wp:attachment":[{"href":"https:\/\/cabinet-laure.com\/index.php\/wp-json\/wp\/v2\/media?parent=98"}],"curies":[{"name":"wp","href":"https:\/\/api.w.org\/{rel}","templated":true}]}}